{"id":9716,"date":"2024-01-03T01:00:39","date_gmt":"2024-01-03T04:00:39","guid":{"rendered":"https:\/\/saintandrews.com.br\/?post_type=product&#038;p=6597"},"modified":"2025-04-28T15:07:25","modified_gmt":"2025-04-28T18:07:25","slug":"royal-afternoon-tea-cha-da-tarde-ingles","status":"publish","type":"product","link":"https:\/\/homolog.saintandrews.com.br\/en\/product\/royal-afternoon-tea-cha-da-tarde-ingles\/","title":{"rendered":"Royal Afternoon Tea &#8211; Ch\u00e1 da Tarde"},"content":{"rendered":"<p><strong>Uma experi\u00eancia inesquec\u00edvel de sofistica\u00e7\u00e3o e sabor no Castelo Saint Andrews<\/strong><\/p>\n<p>O <strong>The Castle Of Saint Andrews University<\/strong> e o <strong>Primrose Restaurant<\/strong> convidam voc\u00ea a desfrutar de um ch\u00e1 da tarde exclusivo, que combina tradi\u00e7\u00e3o inglesa com o charme dos ingredientes t\u00edpicos da regi\u00e3o. O <strong>Royal Afternoon Tea<\/strong> \u00e9 uma celebra\u00e7\u00e3o de sabores, cuidadosamente elaborada para encantar os paladares mais exigentes.<\/p>\n<p>A experi\u00eancia pode ser vivida nos bel\u00edssimos jardins do Castelo, na aconchegante biblioteca com vista deslumbrante para o Vale do Quilombo ou no espa\u00e7o de sua prefer\u00eancia. Tudo servido com eleg\u00e2ncia e pontualmente \u00e0s 17h, como manda a tradi\u00e7\u00e3o.<\/p>\n<p>Viva essa experi\u00eancia encantadora, onde cada detalhe foi pensado para transformar sua tarde em um momento inesquec\u00edvel.<\/p>\n<p><strong>O Royal Afternoon Tea inclui:<\/strong><\/p>\n<ul>\n<li>Sele\u00e7\u00e3o refinada de ch\u00e1s avulsos<\/li>\n<li>Open-faced sandwich de salm\u00e3o, cornichon e pasta de dill<\/li>\n<li>Finger sandwich de tomate, mussarela de b\u00fafala e pesto<\/li>\n<li>Folhados variados<\/li>\n<li>Quiche Saint Andrews<\/li>\n<li>Mignardises (pequenos doces franceses com sabores surpreendentes)<\/li>\n<li>Croque Madame com presunto San Daniele, queijo emmental e ovo trufado<\/li>\n<li>Sobremesa do Chef \u2013 Uma cria\u00e7\u00e3o especial do dia<\/li>\n<li>Uma ta\u00e7a de espumante nacional<\/li>\n<\/ul>\n<p>&nbsp;<\/p>\n<p><img fetchpriority=\"high\" decoding=\"async\" class=\"alignnone size-medium wp-image-14978\" src=\"https:\/\/homolog.saintandrews.com.br\/wp-content\/uploads\/2024\/03\/cha-1-300x183.webp\" alt=\"\" width=\"300\" height=\"183\" srcset=\"https:\/\/homolog.saintandrews.com.br\/wp-content\/uploads\/2024\/03\/cha-1-300x183.webp 300w, https:\/\/homolog.saintandrews.com.br\/wp-content\/uploads\/2024\/03\/cha-1-1024x624.webp 1024w, https:\/\/homolog.saintandrews.com.br\/wp-content\/uploads\/2024\/03\/cha-1-768x468.webp 768w, https:\/\/homolog.saintandrews.com.br\/wp-content\/uploads\/2024\/03\/cha-1-18x12.webp 18w, https:\/\/homolog.saintandrews.com.br\/wp-content\/uploads\/2024\/03\/cha-1-600x366.webp 600w, https:\/\/homolog.saintandrews.com.br\/wp-content\/uploads\/2024\/03\/cha-1.webp 1337w\" sizes=\"(max-width: 300px) 100vw, 300px\" \/><br \/>\n<span style=\"font-size: 8pt;\">Foto Ilustrativa<\/span><\/p>\n<p>&nbsp;<\/p>\n<p><strong>Dura\u00e7\u00e3o:<\/strong> Esse servi\u00e7o tem dura\u00e7\u00e3o de 1h30.<\/p>\n<p><strong>Quando:<\/strong> Servido diariamente \u00e0s 17h.<\/p>\n<p>&nbsp;<\/p>\n<p>***<\/p>\n<p><span style=\"font-size: 10pt;\"><em><span style=\"color: #993300;\">\u2022 Ap\u00f3s a aquisi\u00e7\u00e3o de qualquer servi\u00e7o do Saint Andrews e a confirma\u00e7\u00e3o do pagamento, um de nossos dedicados concierges entrar\u00e1 em contato por telefone para informar os hor\u00e1rios dispon\u00edveis na data selecionada, garantindo que seu agendamento seja realizado com a m\u00e1xima conveni\u00eancia e exclusividade.<br \/>\n\u2022 Ao final do atendimento, ficaremos agradecidos se considerar nossa taxa de servi\u00e7o.<\/span><\/em><\/span><\/p>","protected":false},"excerpt":{"rendered":"<p>Desfrute de um ch\u00e1 da tarde sofisticado, que combina tradi\u00e7\u00e3o inglesa com sabores t\u00edpicos da regi\u00e3o. Servido \u00e0s 17h, a experi\u00eancia inclui uma sele\u00e7\u00e3o de ch\u00e1s, del\u00edcias como quiches, sandu\u00edches, folhados, mignardises e a sobremesa especial do Chef. Um momento \u00fanico em cen\u00e1rios deslumbrantes!<\/p>","protected":false},"featured_media":10078,"template":"","meta":{"_acf_changed":false},"product_brand":[],"product_cat":[229],"product_tag":[],"class_list":{"0":"post-9716","1":"product","2":"type-product","3":"status-publish","4":"has-post-thumbnail","6":"product_cat-gastronomia","8":"first","9":"instock","10":"virtual","11":"taxable","12":"purchasable","13":"product-type-simple"},"acf":[],"yoast_head":"<!-- This site is optimized with the Yoast SEO plugin v27.4 - https:\/\/yoast.com\/product\/yoast-seo-wordpress\/ -->\n<title>Royal Afternoon Tea - Ch\u00e1 da Tarde - Castelo Saint Andrews<\/title>\n<meta name=\"description\" content=\"O Castelo Saint Andrews e o Restaurante Primrose oferecem o elegante Royal Afternoon Tea, que combina a tradi\u00e7\u00e3o inglesa com sabores regionais.\" \/>\n<meta name=\"robots\" content=\"noindex, follow, max-snippet:-1, max-image-preview:large, max-video-preview:-1\" \/>\n<meta property=\"og:locale\" content=\"en_US\" \/>\n<meta property=\"og:type\" content=\"article\" \/>\n<meta property=\"og:title\" content=\"Royal Afternoon Tea - Ch\u00e1 da Tarde - Castelo Saint Andrews\" \/>\n<meta property=\"og:description\" content=\"O Castelo Saint Andrews e o Restaurante Primrose oferecem o elegante Royal Afternoon Tea, que combina a tradi\u00e7\u00e3o inglesa com sabores regionais.\" \/>\n<meta property=\"og:url\" content=\"https:\/\/homolog.saintandrews.com.br\/en\/product\/royal-afternoon-tea-cha-da-tarde-ingles\/\" \/>\n<meta property=\"og:site_name\" content=\"Castelo Saint Andrews\" \/>\n<meta property=\"article:modified_time\" content=\"2025-04-28T18:07:25+00:00\" \/>\n<meta property=\"og:image\" content=\"https:\/\/homolog.saintandrews.com.br\/wp-content\/uploads\/2024\/03\/cha-768x768-1.webp\" \/>\n\t<meta property=\"og:image:width\" content=\"768\" \/>\n\t<meta property=\"og:image:height\" content=\"768\" \/>\n\t<meta property=\"og:image:type\" content=\"image\/webp\" \/>\n<meta name=\"twitter:card\" content=\"summary_large_image\" \/>\n<meta name=\"twitter:label1\" content=\"Est. reading time\" \/>\n\t<meta name=\"twitter:data1\" content=\"2 minutes\" \/>\n<script type=\"application\/ld+json\" class=\"yoast-schema-graph\">{\"@context\":\"https:\\\/\\\/schema.org\",\"@graph\":[{\"@type\":\"WebPage\",\"@id\":\"https:\\\/\\\/homolog.saintandrews.com.br\\\/produto\\\/royal-afternoon-tea-cha-da-tarde-ingles\\\/\",\"url\":\"https:\\\/\\\/homolog.saintandrews.com.br\\\/produto\\\/royal-afternoon-tea-cha-da-tarde-ingles\\\/\",\"name\":\"Royal Afternoon Tea - Ch\u00e1 da Tarde - Castelo Saint Andrews\",\"isPartOf\":{\"@id\":\"https:\\\/\\\/homolog.saintandrews.com.br\\\/#website\"},\"primaryImageOfPage\":{\"@id\":\"https:\\\/\\\/homolog.saintandrews.com.br\\\/produto\\\/royal-afternoon-tea-cha-da-tarde-ingles\\\/#primaryimage\"},\"image\":{\"@id\":\"https:\\\/\\\/homolog.saintandrews.com.br\\\/produto\\\/royal-afternoon-tea-cha-da-tarde-ingles\\\/#primaryimage\"},\"thumbnailUrl\":\"https:\\\/\\\/homolog.saintandrews.com.br\\\/wp-content\\\/uploads\\\/2024\\\/03\\\/cha-768x768-1.webp\",\"datePublished\":\"2024-01-03T04:00:39+00:00\",\"dateModified\":\"2025-04-28T18:07:25+00:00\",\"description\":\"O Castelo Saint Andrews e o Restaurante Primrose oferecem o elegante Royal Afternoon Tea, que combina a tradi\u00e7\u00e3o inglesa com sabores regionais.\",\"breadcrumb\":{\"@id\":\"https:\\\/\\\/homolog.saintandrews.com.br\\\/produto\\\/royal-afternoon-tea-cha-da-tarde-ingles\\\/#breadcrumb\"},\"inLanguage\":\"en-US\",\"potentialAction\":[{\"@type\":\"ReadAction\",\"target\":[\"https:\\\/\\\/homolog.saintandrews.com.br\\\/produto\\\/royal-afternoon-tea-cha-da-tarde-ingles\\\/\"]}]},{\"@type\":\"ImageObject\",\"inLanguage\":\"en-US\",\"@id\":\"https:\\\/\\\/homolog.saintandrews.com.br\\\/produto\\\/royal-afternoon-tea-cha-da-tarde-ingles\\\/#primaryimage\",\"url\":\"https:\\\/\\\/homolog.saintandrews.com.br\\\/wp-content\\\/uploads\\\/2024\\\/03\\\/cha-768x768-1.webp\",\"contentUrl\":\"https:\\\/\\\/homolog.saintandrews.com.br\\\/wp-content\\\/uploads\\\/2024\\\/03\\\/cha-768x768-1.webp\",\"width\":768,\"height\":768},{\"@type\":\"BreadcrumbList\",\"@id\":\"https:\\\/\\\/homolog.saintandrews.com.br\\\/produto\\\/royal-afternoon-tea-cha-da-tarde-ingles\\\/#breadcrumb\",\"itemListElement\":[{\"@type\":\"ListItem\",\"position\":1,\"name\":\"In\u00edcio\",\"item\":\"https:\\\/\\\/homolog.saintandrews.com.br\\\/\"},{\"@type\":\"ListItem\",\"position\":2,\"name\":\"Produtos\",\"item\":\"https:\\\/\\\/homolog.saintandrews.com.br\\\/shop\\\/\"},{\"@type\":\"ListItem\",\"position\":3,\"name\":\"Royal Afternoon Tea &#8211; Ch\u00e1 da Tarde\"}]},{\"@type\":\"WebSite\",\"@id\":\"https:\\\/\\\/homolog.saintandrews.com.br\\\/#website\",\"url\":\"https:\\\/\\\/homolog.saintandrews.com.br\\\/\",\"name\":\"Castelo Saint Andrews\",\"description\":\"Seu hotel\u00a0em\u00a0Gramado\",\"publisher\":{\"@id\":\"https:\\\/\\\/homolog.saintandrews.com.br\\\/#organization\"},\"potentialAction\":[{\"@type\":\"SearchAction\",\"target\":{\"@type\":\"EntryPoint\",\"urlTemplate\":\"https:\\\/\\\/homolog.saintandrews.com.br\\\/?s={search_term_string}\"},\"query-input\":{\"@type\":\"PropertyValueSpecification\",\"valueRequired\":true,\"valueName\":\"search_term_string\"}}],\"inLanguage\":\"en-US\"},{\"@type\":\"Organization\",\"@id\":\"https:\\\/\\\/homolog.saintandrews.com.br\\\/#organization\",\"name\":\"Castelo Saint Andrews\",\"url\":\"https:\\\/\\\/homolog.saintandrews.com.br\\\/\",\"logo\":{\"@type\":\"ImageObject\",\"inLanguage\":\"en-US\",\"@id\":\"https:\\\/\\\/homolog.saintandrews.com.br\\\/#\\\/schema\\\/logo\\\/image\\\/\",\"url\":\"https:\\\/\\\/homolog.saintandrews.com.br\\\/wp-content\\\/uploads\\\/2024\\\/04\\\/Logo-SaintAndrews-01-01.svg\",\"contentUrl\":\"https:\\\/\\\/homolog.saintandrews.com.br\\\/wp-content\\\/uploads\\\/2024\\\/04\\\/Logo-SaintAndrews-01-01.svg\",\"width\":612.9299999999999499777914024889469146728515625,\"height\":167.5,\"caption\":\"Castelo Saint Andrews\"},\"image\":{\"@id\":\"https:\\\/\\\/homolog.saintandrews.com.br\\\/#\\\/schema\\\/logo\\\/image\\\/\"}}]}<\/script>\n<!-- \/ Yoast SEO plugin. -->","yoast_head_json":{"title":"Royal Afternoon Tea - Ch\u00e1 da Tarde - Castelo Saint Andrews","description":"O Castelo Saint Andrews e o Restaurante Primrose oferecem o elegante Royal Afternoon Tea, que combina a tradi\u00e7\u00e3o inglesa com sabores regionais.","robots":{"index":"noindex","follow":"follow","max-snippet":"max-snippet:-1","max-image-preview":"max-image-preview:large","max-video-preview":"max-video-preview:-1"},"og_locale":"en_US","og_type":"article","og_title":"Royal Afternoon Tea - Ch\u00e1 da Tarde - Castelo Saint Andrews","og_description":"O Castelo Saint Andrews e o Restaurante Primrose oferecem o elegante Royal Afternoon Tea, que combina a tradi\u00e7\u00e3o inglesa com sabores regionais.","og_url":"https:\/\/homolog.saintandrews.com.br\/en\/product\/royal-afternoon-tea-cha-da-tarde-ingles\/","og_site_name":"Castelo Saint Andrews","article_modified_time":"2025-04-28T18:07:25+00:00","og_image":[{"width":768,"height":768,"url":"https:\/\/homolog.saintandrews.com.br\/wp-content\/uploads\/2024\/03\/cha-768x768-1.webp","type":"image\/webp"}],"twitter_card":"summary_large_image","twitter_misc":{"Est. reading time":"2 minutes"},"schema":{"@context":"https:\/\/schema.org","@graph":[{"@type":"WebPage","@id":"https:\/\/homolog.saintandrews.com.br\/produto\/royal-afternoon-tea-cha-da-tarde-ingles\/","url":"https:\/\/homolog.saintandrews.com.br\/produto\/royal-afternoon-tea-cha-da-tarde-ingles\/","name":"Royal Afternoon Tea - Ch\u00e1 da Tarde - Castelo Saint Andrews","isPartOf":{"@id":"https:\/\/homolog.saintandrews.com.br\/#website"},"primaryImageOfPage":{"@id":"https:\/\/homolog.saintandrews.com.br\/produto\/royal-afternoon-tea-cha-da-tarde-ingles\/#primaryimage"},"image":{"@id":"https:\/\/homolog.saintandrews.com.br\/produto\/royal-afternoon-tea-cha-da-tarde-ingles\/#primaryimage"},"thumbnailUrl":"https:\/\/homolog.saintandrews.com.br\/wp-content\/uploads\/2024\/03\/cha-768x768-1.webp","datePublished":"2024-01-03T04:00:39+00:00","dateModified":"2025-04-28T18:07:25+00:00","description":"O Castelo Saint Andrews e o Restaurante Primrose oferecem o elegante Royal Afternoon Tea, que combina a tradi\u00e7\u00e3o inglesa com sabores regionais.","breadcrumb":{"@id":"https:\/\/homolog.saintandrews.com.br\/produto\/royal-afternoon-tea-cha-da-tarde-ingles\/#breadcrumb"},"inLanguage":"en-US","potentialAction":[{"@type":"ReadAction","target":["https:\/\/homolog.saintandrews.com.br\/produto\/royal-afternoon-tea-cha-da-tarde-ingles\/"]}]},{"@type":"ImageObject","inLanguage":"en-US","@id":"https:\/\/homolog.saintandrews.com.br\/produto\/royal-afternoon-tea-cha-da-tarde-ingles\/#primaryimage","url":"https:\/\/homolog.saintandrews.com.br\/wp-content\/uploads\/2024\/03\/cha-768x768-1.webp","contentUrl":"https:\/\/homolog.saintandrews.com.br\/wp-content\/uploads\/2024\/03\/cha-768x768-1.webp","width":768,"height":768},{"@type":"BreadcrumbList","@id":"https:\/\/homolog.saintandrews.com.br\/produto\/royal-afternoon-tea-cha-da-tarde-ingles\/#breadcrumb","itemListElement":[{"@type":"ListItem","position":1,"name":"In\u00edcio","item":"https:\/\/homolog.saintandrews.com.br\/"},{"@type":"ListItem","position":2,"name":"Produtos","item":"https:\/\/homolog.saintandrews.com.br\/shop\/"},{"@type":"ListItem","position":3,"name":"Royal Afternoon Tea &#8211; Ch\u00e1 da Tarde"}]},{"@type":"WebSite","@id":"https:\/\/homolog.saintandrews.com.br\/#website","url":"https:\/\/homolog.saintandrews.com.br\/","name":"The Castle Of Saint Andrews University","description":"Your hotel in Gramado","publisher":{"@id":"https:\/\/homolog.saintandrews.com.br\/#organization"},"potentialAction":[{"@type":"SearchAction","target":{"@type":"EntryPoint","urlTemplate":"https:\/\/homolog.saintandrews.com.br\/?s={search_term_string}"},"query-input":{"@type":"PropertyValueSpecification","valueRequired":true,"valueName":"search_term_string"}}],"inLanguage":"en-US"},{"@type":"Organization","@id":"https:\/\/homolog.saintandrews.com.br\/#organization","name":"The Castle Of Saint Andrews University","url":"https:\/\/homolog.saintandrews.com.br\/","logo":{"@type":"ImageObject","inLanguage":"en-US","@id":"https:\/\/homolog.saintandrews.com.br\/#\/schema\/logo\/image\/","url":"https:\/\/homolog.saintandrews.com.br\/wp-content\/uploads\/2024\/04\/Logo-SaintAndrews-01-01.svg","contentUrl":"https:\/\/homolog.saintandrews.com.br\/wp-content\/uploads\/2024\/04\/Logo-SaintAndrews-01-01.svg","width":612.9299999999999499777914024889469146728515625,"height":167.5,"caption":"Castelo Saint Andrews"},"image":{"@id":"https:\/\/homolog.saintandrews.com.br\/#\/schema\/logo\/image\/"}}]}},"publishpress_future_action":{"enabled":false,"date":"2026-04-26 13:36:41","action":"change-status","newStatus":"draft","terms":[],"taxonomy":"product_type","extraData":[]},"publishpress_future_workflow_manual_trigger":{"enabledWorkflows":[]},"_links":{"self":[{"href":"https:\/\/homolog.saintandrews.com.br\/en\/wp-json\/wp\/v2\/product\/9716","targetHints":{"allow":["GET"]}}],"collection":[{"href":"https:\/\/homolog.saintandrews.com.br\/en\/wp-json\/wp\/v2\/product"}],"about":[{"href":"https:\/\/homolog.saintandrews.com.br\/en\/wp-json\/wp\/v2\/types\/product"}],"wp:featuredmedia":[{"embeddable":true,"href":"https:\/\/homolog.saintandrews.com.br\/en\/wp-json\/wp\/v2\/media\/10078"}],"wp:attachment":[{"href":"https:\/\/homolog.saintandrews.com.br\/en\/wp-json\/wp\/v2\/media?parent=9716"}],"wp:term":[{"taxonomy":"product_brand","embeddable":true,"href":"https:\/\/homolog.saintandrews.com.br\/en\/wp-json\/wp\/v2\/product_brand?post=9716"},{"taxonomy":"product_cat","embeddable":true,"href":"https:\/\/homolog.saintandrews.com.br\/en\/wp-json\/wp\/v2\/product_cat?post=9716"},{"taxonomy":"product_tag","embeddable":true,"href":"https:\/\/homolog.saintandrews.com.br\/en\/wp-json\/wp\/v2\/product_tag?post=9716"}],"curies":[{"name":"wp","href":"https:\/\/api.w.org\/{rel}","templated":true}]}}