{"id":9721,"date":"2024-01-06T01:00:39","date_gmt":"2024-01-06T04:00:39","guid":{"rendered":"https:\/\/saintandrews.com.br\/?post_type=product&#038;p=6609"},"modified":"2025-04-28T14:22:06","modified_gmt":"2025-04-28T17:22:06","slug":"menu-candle-light","status":"publish","type":"product","link":"https:\/\/homolog.saintandrews.com.br\/en\/product\/menu-candle-light\/","title":{"rendered":"Menu Candle Light"},"content":{"rendered":"<p><strong>Uma noite m\u00e1gica para casais apaixonados no Castelo Saint Andrews<\/strong><\/p>\n<p>Surpreenda quem voc\u00ea ama com uma experi\u00eancia enogastron\u00f4mica inesquec\u00edvel, em um jantar \u00e0 luz de velas que combina sofistica\u00e7\u00e3o, romantismo e o melhor da alta gastronomia. Cada detalhe foi pensado para criar momentos \u00fanicos, celebrando o amor em grande estilo.<\/p>\n<p><strong>Menu Exclusivo:<\/strong><\/p>\n<ul>\n<li>Salm\u00e3o gravlax ao sour cream<\/li>\n<li>Brandade de bacalhau e tapenade proven\u00e7al<\/li>\n<li>Vieiras grelhadas em manteiga de laranja e buqu\u00ea de folhas da esta\u00e7\u00e3o<\/li>\n<li>Linguado dourado ao molho champagne e aspargos verdes<\/li>\n<li>Verrine com sorbet de lim\u00e3o e crumble de chocolate e am\u00eandoas<\/li>\n<li>Morangos confit ao sabayon de champagne com sorvete de vanilla<\/li>\n<li>Sele\u00e7\u00e3o de caf\u00e9s e ch\u00e1s org\u00e2nicos<\/li>\n<li>Petit-four da casa<\/li>\n<\/ul>\n<p>&nbsp;<\/p>\n<p><strong>Inclui uma garrafa de Champagne Mo\u00ebt &amp; Chandon Imp\u00e9rial Ros\u00e9 por casal.<\/strong><\/p>\n<p>Uma experi\u00eancia criada para encantar e eternizar momentos a dois.<\/p>\n<p>Viva a magia do amor no cen\u00e1rio encantador do Castelo Saint Andrews.<\/p>\n<p>&nbsp;<\/p>\n<p><strong>Dura\u00e7\u00e3o:<\/strong> Esse servi\u00e7o tem dura\u00e7\u00e3o de 2h.<\/p>\n<p><strong>Quando:<\/strong> Diariamente.<\/p>\n<p><strong>Value:<\/strong> R$ 1.300 para o casal<\/p>\n<p>&nbsp;<\/p>\n<p>***<\/p>\n<p><span style=\"font-size: 10pt;\"><em><span style=\"color: #993300;\">\u2022 Ap\u00f3s a aquisi\u00e7\u00e3o de qualquer servi\u00e7o do Saint Andrews e a confirma\u00e7\u00e3o do pagamento, um de nossos dedicados concierges entrar\u00e1 em contato por telefone para informar os hor\u00e1rios dispon\u00edveis na data selecionada, garantindo que seu agendamento seja realizado com a m\u00e1xima conveni\u00eancia e exclusividade.<br \/>\n\u2022 Ao final do atendimento, ficaremos agradecidos se considerar nossa taxa de servi\u00e7o.<\/span><\/em><\/span><\/p>","protected":false},"excerpt":{"rendered":"<p>O Menu Candle Light oferece uma experi\u00eancia enogastron\u00f4mica inesquec\u00edvel para casais apaixonados no Castelo Saint Andrews. Desfrute de um jantar \u00e0 luz de velas com o melhor da alta gastronomia, incluindo salm\u00e3o gravlax, vieiras grelhadas e linguado ao molho champagne, finalizado com sobremesas sofisticadas e uma sele\u00e7\u00e3o de caf\u00e9s e ch\u00e1s org\u00e2nicos. A experi\u00eancia inclui uma garrafa de champagne Mo\u00ebt &amp; Chandon para o casal, tornando a noite ainda mais especial. <strong>Valor para o casal.<\/strong><\/p>","protected":false},"featured_media":10082,"template":"","meta":{"_acf_changed":false},"product_brand":[],"product_cat":[229],"product_tag":[],"class_list":{"0":"post-9721","1":"product","2":"type-product","3":"status-publish","4":"has-post-thumbnail","6":"product_cat-gastronomia","8":"first","9":"instock","10":"virtual","11":"taxable","12":"purchasable","13":"product-type-simple"},"acf":[],"yoast_head":"<!-- This site is optimized with the Yoast SEO plugin v27.4 - https:\/\/yoast.com\/product\/yoast-seo-wordpress\/ -->\n<title>Menu Candle Light - Castelo Saint Andrews<\/title>\n<meta name=\"description\" content=\"O Menu Candle Light oferece uma experi\u00eancia enogastron\u00f4mica inesquec\u00edvel para casais apaixonados no Castelo Saint Andrews.\" \/>\n<meta name=\"robots\" content=\"noindex, follow, max-snippet:-1, max-image-preview:large, max-video-preview:-1\" \/>\n<meta property=\"og:locale\" content=\"en_US\" \/>\n<meta property=\"og:type\" content=\"article\" \/>\n<meta property=\"og:title\" content=\"Menu Candle Light - Castelo Saint Andrews\" \/>\n<meta property=\"og:description\" content=\"O Menu Candle Light oferece uma experi\u00eancia enogastron\u00f4mica inesquec\u00edvel para casais apaixonados no Castelo Saint Andrews.\" \/>\n<meta property=\"og:url\" content=\"https:\/\/homolog.saintandrews.com.br\/en\/product\/menu-candle-light\/\" \/>\n<meta property=\"og:site_name\" content=\"Castelo Saint Andrews\" \/>\n<meta property=\"article:modified_time\" content=\"2025-04-28T17:22:06+00:00\" \/>\n<meta property=\"og:image\" content=\"https:\/\/homolog.saintandrews.com.br\/wp-content\/uploads\/2024\/03\/candle-light-768x768-1.webp\" \/>\n\t<meta property=\"og:image:width\" content=\"768\" \/>\n\t<meta property=\"og:image:height\" content=\"768\" \/>\n\t<meta property=\"og:image:type\" content=\"image\/webp\" \/>\n<meta name=\"twitter:card\" content=\"summary_large_image\" \/>\n<meta name=\"twitter:label1\" content=\"Est. reading time\" \/>\n\t<meta name=\"twitter:data1\" content=\"2 minutes\" \/>\n<script type=\"application\/ld+json\" class=\"yoast-schema-graph\">{\"@context\":\"https:\\\/\\\/schema.org\",\"@graph\":[{\"@type\":\"WebPage\",\"@id\":\"https:\\\/\\\/homolog.saintandrews.com.br\\\/produto\\\/menu-candle-light\\\/\",\"url\":\"https:\\\/\\\/homolog.saintandrews.com.br\\\/produto\\\/menu-candle-light\\\/\",\"name\":\"Menu Candle Light - Castelo Saint Andrews\",\"isPartOf\":{\"@id\":\"https:\\\/\\\/homolog.saintandrews.com.br\\\/#website\"},\"primaryImageOfPage\":{\"@id\":\"https:\\\/\\\/homolog.saintandrews.com.br\\\/produto\\\/menu-candle-light\\\/#primaryimage\"},\"image\":{\"@id\":\"https:\\\/\\\/homolog.saintandrews.com.br\\\/produto\\\/menu-candle-light\\\/#primaryimage\"},\"thumbnailUrl\":\"https:\\\/\\\/homolog.saintandrews.com.br\\\/wp-content\\\/uploads\\\/2024\\\/03\\\/candle-light-768x768-1.webp\",\"datePublished\":\"2024-01-06T04:00:39+00:00\",\"dateModified\":\"2025-04-28T17:22:06+00:00\",\"description\":\"O Menu Candle Light oferece uma experi\u00eancia enogastron\u00f4mica inesquec\u00edvel para casais apaixonados no Castelo Saint Andrews.\",\"breadcrumb\":{\"@id\":\"https:\\\/\\\/homolog.saintandrews.com.br\\\/produto\\\/menu-candle-light\\\/#breadcrumb\"},\"inLanguage\":\"en-US\",\"potentialAction\":[{\"@type\":\"ReadAction\",\"target\":[\"https:\\\/\\\/homolog.saintandrews.com.br\\\/produto\\\/menu-candle-light\\\/\"]}]},{\"@type\":\"ImageObject\",\"inLanguage\":\"en-US\",\"@id\":\"https:\\\/\\\/homolog.saintandrews.com.br\\\/produto\\\/menu-candle-light\\\/#primaryimage\",\"url\":\"https:\\\/\\\/homolog.saintandrews.com.br\\\/wp-content\\\/uploads\\\/2024\\\/03\\\/candle-light-768x768-1.webp\",\"contentUrl\":\"https:\\\/\\\/homolog.saintandrews.com.br\\\/wp-content\\\/uploads\\\/2024\\\/03\\\/candle-light-768x768-1.webp\",\"width\":768,\"height\":768},{\"@type\":\"BreadcrumbList\",\"@id\":\"https:\\\/\\\/homolog.saintandrews.com.br\\\/produto\\\/menu-candle-light\\\/#breadcrumb\",\"itemListElement\":[{\"@type\":\"ListItem\",\"position\":1,\"name\":\"In\u00edcio\",\"item\":\"https:\\\/\\\/homolog.saintandrews.com.br\\\/\"},{\"@type\":\"ListItem\",\"position\":2,\"name\":\"Produtos\",\"item\":\"https:\\\/\\\/homolog.saintandrews.com.br\\\/shop\\\/\"},{\"@type\":\"ListItem\",\"position\":3,\"name\":\"Menu Candle Light\"}]},{\"@type\":\"WebSite\",\"@id\":\"https:\\\/\\\/homolog.saintandrews.com.br\\\/#website\",\"url\":\"https:\\\/\\\/homolog.saintandrews.com.br\\\/\",\"name\":\"Castelo Saint Andrews\",\"description\":\"Seu hotel\u00a0em\u00a0Gramado\",\"publisher\":{\"@id\":\"https:\\\/\\\/homolog.saintandrews.com.br\\\/#organization\"},\"potentialAction\":[{\"@type\":\"SearchAction\",\"target\":{\"@type\":\"EntryPoint\",\"urlTemplate\":\"https:\\\/\\\/homolog.saintandrews.com.br\\\/?s={search_term_string}\"},\"query-input\":{\"@type\":\"PropertyValueSpecification\",\"valueRequired\":true,\"valueName\":\"search_term_string\"}}],\"inLanguage\":\"en-US\"},{\"@type\":\"Organization\",\"@id\":\"https:\\\/\\\/homolog.saintandrews.com.br\\\/#organization\",\"name\":\"Castelo Saint Andrews\",\"url\":\"https:\\\/\\\/homolog.saintandrews.com.br\\\/\",\"logo\":{\"@type\":\"ImageObject\",\"inLanguage\":\"en-US\",\"@id\":\"https:\\\/\\\/homolog.saintandrews.com.br\\\/#\\\/schema\\\/logo\\\/image\\\/\",\"url\":\"https:\\\/\\\/homolog.saintandrews.com.br\\\/wp-content\\\/uploads\\\/2024\\\/04\\\/Logo-SaintAndrews-01-01.svg\",\"contentUrl\":\"https:\\\/\\\/homolog.saintandrews.com.br\\\/wp-content\\\/uploads\\\/2024\\\/04\\\/Logo-SaintAndrews-01-01.svg\",\"width\":612.9299999999999499777914024889469146728515625,\"height\":167.5,\"caption\":\"Castelo Saint Andrews\"},\"image\":{\"@id\":\"https:\\\/\\\/homolog.saintandrews.com.br\\\/#\\\/schema\\\/logo\\\/image\\\/\"}}]}<\/script>\n<!-- \/ Yoast SEO plugin. -->","yoast_head_json":{"title":"Menu Candle Light - Castelo Saint Andrews","description":"O Menu Candle Light oferece uma experi\u00eancia enogastron\u00f4mica inesquec\u00edvel para casais apaixonados no Castelo Saint Andrews.","robots":{"index":"noindex","follow":"follow","max-snippet":"max-snippet:-1","max-image-preview":"max-image-preview:large","max-video-preview":"max-video-preview:-1"},"og_locale":"en_US","og_type":"article","og_title":"Menu Candle Light - Castelo Saint Andrews","og_description":"O Menu Candle Light oferece uma experi\u00eancia enogastron\u00f4mica inesquec\u00edvel para casais apaixonados no Castelo Saint Andrews.","og_url":"https:\/\/homolog.saintandrews.com.br\/en\/product\/menu-candle-light\/","og_site_name":"Castelo Saint Andrews","article_modified_time":"2025-04-28T17:22:06+00:00","og_image":[{"width":768,"height":768,"url":"https:\/\/homolog.saintandrews.com.br\/wp-content\/uploads\/2024\/03\/candle-light-768x768-1.webp","type":"image\/webp"}],"twitter_card":"summary_large_image","twitter_misc":{"Est. reading time":"2 minutes"},"schema":{"@context":"https:\/\/schema.org","@graph":[{"@type":"WebPage","@id":"https:\/\/homolog.saintandrews.com.br\/produto\/menu-candle-light\/","url":"https:\/\/homolog.saintandrews.com.br\/produto\/menu-candle-light\/","name":"Menu Candle Light - Castelo Saint Andrews","isPartOf":{"@id":"https:\/\/homolog.saintandrews.com.br\/#website"},"primaryImageOfPage":{"@id":"https:\/\/homolog.saintandrews.com.br\/produto\/menu-candle-light\/#primaryimage"},"image":{"@id":"https:\/\/homolog.saintandrews.com.br\/produto\/menu-candle-light\/#primaryimage"},"thumbnailUrl":"https:\/\/homolog.saintandrews.com.br\/wp-content\/uploads\/2024\/03\/candle-light-768x768-1.webp","datePublished":"2024-01-06T04:00:39+00:00","dateModified":"2025-04-28T17:22:06+00:00","description":"O Menu Candle Light oferece uma experi\u00eancia enogastron\u00f4mica inesquec\u00edvel para casais apaixonados no Castelo Saint Andrews.","breadcrumb":{"@id":"https:\/\/homolog.saintandrews.com.br\/produto\/menu-candle-light\/#breadcrumb"},"inLanguage":"en-US","potentialAction":[{"@type":"ReadAction","target":["https:\/\/homolog.saintandrews.com.br\/produto\/menu-candle-light\/"]}]},{"@type":"ImageObject","inLanguage":"en-US","@id":"https:\/\/homolog.saintandrews.com.br\/produto\/menu-candle-light\/#primaryimage","url":"https:\/\/homolog.saintandrews.com.br\/wp-content\/uploads\/2024\/03\/candle-light-768x768-1.webp","contentUrl":"https:\/\/homolog.saintandrews.com.br\/wp-content\/uploads\/2024\/03\/candle-light-768x768-1.webp","width":768,"height":768},{"@type":"BreadcrumbList","@id":"https:\/\/homolog.saintandrews.com.br\/produto\/menu-candle-light\/#breadcrumb","itemListElement":[{"@type":"ListItem","position":1,"name":"In\u00edcio","item":"https:\/\/homolog.saintandrews.com.br\/"},{"@type":"ListItem","position":2,"name":"Produtos","item":"https:\/\/homolog.saintandrews.com.br\/shop\/"},{"@type":"ListItem","position":3,"name":"Menu Candle Light"}]},{"@type":"WebSite","@id":"https:\/\/homolog.saintandrews.com.br\/#website","url":"https:\/\/homolog.saintandrews.com.br\/","name":"The Castle Of Saint Andrews University","description":"Your hotel in Gramado","publisher":{"@id":"https:\/\/homolog.saintandrews.com.br\/#organization"},"potentialAction":[{"@type":"SearchAction","target":{"@type":"EntryPoint","urlTemplate":"https:\/\/homolog.saintandrews.com.br\/?s={search_term_string}"},"query-input":{"@type":"PropertyValueSpecification","valueRequired":true,"valueName":"search_term_string"}}],"inLanguage":"en-US"},{"@type":"Organization","@id":"https:\/\/homolog.saintandrews.com.br\/#organization","name":"The Castle Of Saint Andrews University","url":"https:\/\/homolog.saintandrews.com.br\/","logo":{"@type":"ImageObject","inLanguage":"en-US","@id":"https:\/\/homolog.saintandrews.com.br\/#\/schema\/logo\/image\/","url":"https:\/\/homolog.saintandrews.com.br\/wp-content\/uploads\/2024\/04\/Logo-SaintAndrews-01-01.svg","contentUrl":"https:\/\/homolog.saintandrews.com.br\/wp-content\/uploads\/2024\/04\/Logo-SaintAndrews-01-01.svg","width":612.9299999999999499777914024889469146728515625,"height":167.5,"caption":"Castelo Saint Andrews"},"image":{"@id":"https:\/\/homolog.saintandrews.com.br\/#\/schema\/logo\/image\/"}}]}},"publishpress_future_action":{"enabled":false,"date":"2026-04-26 14:57:55","action":"change-status","newStatus":"draft","terms":[],"taxonomy":"product_type","extraData":[]},"publishpress_future_workflow_manual_trigger":{"enabledWorkflows":[]},"_links":{"self":[{"href":"https:\/\/homolog.saintandrews.com.br\/en\/wp-json\/wp\/v2\/product\/9721","targetHints":{"allow":["GET"]}}],"collection":[{"href":"https:\/\/homolog.saintandrews.com.br\/en\/wp-json\/wp\/v2\/product"}],"about":[{"href":"https:\/\/homolog.saintandrews.com.br\/en\/wp-json\/wp\/v2\/types\/product"}],"wp:featuredmedia":[{"embeddable":true,"href":"https:\/\/homolog.saintandrews.com.br\/en\/wp-json\/wp\/v2\/media\/10082"}],"wp:attachment":[{"href":"https:\/\/homolog.saintandrews.com.br\/en\/wp-json\/wp\/v2\/media?parent=9721"}],"wp:term":[{"taxonomy":"product_brand","embeddable":true,"href":"https:\/\/homolog.saintandrews.com.br\/en\/wp-json\/wp\/v2\/product_brand?post=9721"},{"taxonomy":"product_cat","embeddable":true,"href":"https:\/\/homolog.saintandrews.com.br\/en\/wp-json\/wp\/v2\/product_cat?post=9721"},{"taxonomy":"product_tag","embeddable":true,"href":"https:\/\/homolog.saintandrews.com.br\/en\/wp-json\/wp\/v2\/product_tag?post=9721"}],"curies":[{"name":"wp","href":"https:\/\/api.w.org\/{rel}","templated":true}]}}