{"id":9940,"date":"2024-05-09T23:10:16","date_gmt":"2024-05-10T02:10:16","guid":{"rendered":"https:\/\/saintandrews.com.br\/?page_id=9940"},"modified":"2024-05-09T23:15:26","modified_gmt":"2024-05-10T02:15:26","slug":"carrinho","status":"publish","type":"page","link":"https:\/\/homolog.saintandrews.com.br\/es\/carrinho\/","title":{"rendered":"Carro"},"content":{"rendered":"<div data-elementor-type=\"wp-page\" data-elementor-id=\"9940\" class=\"elementor elementor-9940\" data-elementor-post-type=\"page\">\n\t\t\t\t<div class=\"elementor-element elementor-element-39e5172 e-flex e-con-boxed e-con e-parent\" data-id=\"39e5172\" data-element_type=\"container\" data-e-type=\"container\">\n\t\t\t\t\t<div class=\"e-con-inner\">\n\t\t\t\t\t<\/div>\n\t\t\t\t<\/div>\n\t\t\t\t<\/div>","protected":false},"excerpt":{"rendered":"<p>Remover item Imagem de miniatura Produto Pre\u00e7o Quantidade Subtotal &times; 15.06 | Festival Fondue Inverno Rom\u00e2ntico &#82;&#36;&nbsp;350,00 15.06 | Festival Fondue Inverno Rom\u00e2ntico quantidade &#82;&#36;&nbsp;350,00 &times; 29.06 | Festival Inverno com Vinhos Italianos &#82;&#36;&nbsp;1.000,00 29.06 | Festival Inverno com Vinhos Italianos quantidade &#82;&#36;&nbsp;1.000,00 &times; 29.06 | Festival Inverno com Vinhos Italianos &#82;&#36;&nbsp;1.000,00 29.06 | Festival [&hellip;]<\/p>\n","protected":false},"author":2,"featured_media":0,"parent":0,"menu_order":0,"comment_status":"closed","ping_status":"closed","template":"elementor_header_footer","meta":{"_acf_changed":false,"footnotes":""},"class_list":["post-9940","page","type-page","status-publish","hentry"],"acf":[],"yoast_head":"<!-- This site is optimized with the Yoast SEO plugin v27.4 - https:\/\/yoast.com\/product\/yoast-seo-wordpress\/ -->\n<title>Carrinho - Castelo Saint Andrews<\/title>\n<meta name=\"robots\" content=\"noindex, follow, max-snippet:-1, max-image-preview:large, max-video-preview:-1\" \/>\n<meta property=\"og:locale\" content=\"es_ES\" \/>\n<meta property=\"og:type\" content=\"article\" \/>\n<meta property=\"og:title\" content=\"Carrinho - Castelo Saint Andrews\" \/>\n<meta property=\"og:description\" content=\"Remover item Imagem de miniatura Produto Pre\u00e7o Quantidade Subtotal &times; 15.06 | Festival Fondue Inverno Rom\u00e2ntico &#082;&#036;&nbsp;350,00 15.06 | Festival Fondue Inverno Rom\u00e2ntico quantidade &#082;&#036;&nbsp;350,00 &times; 29.06 | Festival Inverno com Vinhos Italianos &#082;&#036;&nbsp;1.000,00 29.06 | Festival Inverno com Vinhos Italianos quantidade &#082;&#036;&nbsp;1.000,00 &times; 29.06 | Festival Inverno com Vinhos Italianos &#082;&#036;&nbsp;1.000,00 29.06 | Festival [&hellip;]\" \/>\n<meta property=\"og:url\" content=\"https:\/\/homolog.saintandrews.com.br\/es\/carrinho\/\" \/>\n<meta property=\"og:site_name\" content=\"Castelo Saint Andrews\" \/>\n<meta property=\"article:modified_time\" content=\"2024-05-10T02:15:26+00:00\" \/>\n<meta property=\"og:image\" content=\"https:\/\/homolog.saintandrews.com.br\/wp-content\/uploads\/woocommerce-placeholder.png\" \/>\n<meta name=\"twitter:card\" content=\"summary_large_image\" \/>\n<meta name=\"twitter:label1\" content=\"Tiempo de lectura\" \/>\n\t<meta name=\"twitter:data1\" content=\"2 minutos\" \/>\n<script type=\"application\/ld+json\" class=\"yoast-schema-graph\">{\"@context\":\"https:\\\/\\\/schema.org\",\"@graph\":[{\"@type\":\"WebPage\",\"@id\":\"https:\\\/\\\/homolog.saintandrews.com.br\\\/carrinho\\\/\",\"url\":\"https:\\\/\\\/homolog.saintandrews.com.br\\\/carrinho\\\/\",\"name\":\"Carrinho - Castelo Saint Andrews\",\"isPartOf\":{\"@id\":\"https:\\\/\\\/homolog.saintandrews.com.br\\\/#website\"},\"primaryImageOfPage\":{\"@id\":\"https:\\\/\\\/homolog.saintandrews.com.br\\\/carrinho\\\/#primaryimage\"},\"image\":{\"@id\":\"https:\\\/\\\/homolog.saintandrews.com.br\\\/carrinho\\\/#primaryimage\"},\"thumbnailUrl\":\"https:\\\/\\\/homolog.saintandrews.com.br\\\/wp-content\\\/uploads\\\/woocommerce-placeholder.png\",\"datePublished\":\"2024-05-10T02:10:16+00:00\",\"dateModified\":\"2024-05-10T02:15:26+00:00\",\"breadcrumb\":{\"@id\":\"https:\\\/\\\/homolog.saintandrews.com.br\\\/carrinho\\\/#breadcrumb\"},\"inLanguage\":\"es\",\"potentialAction\":[{\"@type\":\"ReadAction\",\"target\":[\"https:\\\/\\\/homolog.saintandrews.com.br\\\/carrinho\\\/\"]}]},{\"@type\":\"ImageObject\",\"inLanguage\":\"es\",\"@id\":\"https:\\\/\\\/homolog.saintandrews.com.br\\\/carrinho\\\/#primaryimage\",\"url\":\"https:\\\/\\\/homolog.saintandrews.com.br\\\/wp-content\\\/uploads\\\/woocommerce-placeholder.png\",\"contentUrl\":\"https:\\\/\\\/homolog.saintandrews.com.br\\\/wp-content\\\/uploads\\\/woocommerce-placeholder.png\"},{\"@type\":\"BreadcrumbList\",\"@id\":\"https:\\\/\\\/homolog.saintandrews.com.br\\\/carrinho\\\/#breadcrumb\",\"itemListElement\":[{\"@type\":\"ListItem\",\"position\":1,\"name\":\"In\u00edcio\",\"item\":\"https:\\\/\\\/homolog.saintandrews.com.br\\\/\"},{\"@type\":\"ListItem\",\"position\":2,\"name\":\"Carrinho\"}]},{\"@type\":\"WebSite\",\"@id\":\"https:\\\/\\\/homolog.saintandrews.com.br\\\/#website\",\"url\":\"https:\\\/\\\/homolog.saintandrews.com.br\\\/\",\"name\":\"Castelo Saint Andrews\",\"description\":\"Seu hotel\u00a0em\u00a0Gramado\",\"publisher\":{\"@id\":\"https:\\\/\\\/homolog.saintandrews.com.br\\\/#organization\"},\"potentialAction\":[{\"@type\":\"SearchAction\",\"target\":{\"@type\":\"EntryPoint\",\"urlTemplate\":\"https:\\\/\\\/homolog.saintandrews.com.br\\\/?s={search_term_string}\"},\"query-input\":{\"@type\":\"PropertyValueSpecification\",\"valueRequired\":true,\"valueName\":\"search_term_string\"}}],\"inLanguage\":\"es\"},{\"@type\":\"Organization\",\"@id\":\"https:\\\/\\\/homolog.saintandrews.com.br\\\/#organization\",\"name\":\"Castelo Saint Andrews\",\"url\":\"https:\\\/\\\/homolog.saintandrews.com.br\\\/\",\"logo\":{\"@type\":\"ImageObject\",\"inLanguage\":\"es\",\"@id\":\"https:\\\/\\\/homolog.saintandrews.com.br\\\/#\\\/schema\\\/logo\\\/image\\\/\",\"url\":\"https:\\\/\\\/homolog.saintandrews.com.br\\\/wp-content\\\/uploads\\\/2024\\\/04\\\/Logo-SaintAndrews-01-01.svg\",\"contentUrl\":\"https:\\\/\\\/homolog.saintandrews.com.br\\\/wp-content\\\/uploads\\\/2024\\\/04\\\/Logo-SaintAndrews-01-01.svg\",\"width\":612.9299999999999499777914024889469146728515625,\"height\":167.5,\"caption\":\"Castelo Saint Andrews\"},\"image\":{\"@id\":\"https:\\\/\\\/homolog.saintandrews.com.br\\\/#\\\/schema\\\/logo\\\/image\\\/\"}}]}<\/script>\n<!-- \/ Yoast SEO plugin. -->","yoast_head_json":{"title":"Carrinho - Castelo Saint Andrews","robots":{"index":"noindex","follow":"follow","max-snippet":"max-snippet:-1","max-image-preview":"max-image-preview:large","max-video-preview":"max-video-preview:-1"},"og_locale":"es_ES","og_type":"article","og_title":"Carrinho - Castelo Saint Andrews","og_description":"Remover item Imagem de miniatura Produto Pre\u00e7o Quantidade Subtotal &times; 15.06 | Festival Fondue Inverno Rom\u00e2ntico &#82;&#36;&nbsp;350,00 15.06 | Festival Fondue Inverno Rom\u00e2ntico quantidade &#82;&#36;&nbsp;350,00 &times; 29.06 | Festival Inverno com Vinhos Italianos &#82;&#36;&nbsp;1.000,00 29.06 | Festival Inverno com Vinhos Italianos quantidade &#82;&#36;&nbsp;1.000,00 &times; 29.06 | Festival Inverno com Vinhos Italianos &#82;&#36;&nbsp;1.000,00 29.06 | Festival [&hellip;]","og_url":"https:\/\/homolog.saintandrews.com.br\/es\/carrinho\/","og_site_name":"Castelo Saint Andrews","article_modified_time":"2024-05-10T02:15:26+00:00","og_image":[{"url":"https:\/\/homolog.saintandrews.com.br\/wp-content\/uploads\/woocommerce-placeholder.png","type":"","width":"","height":""}],"twitter_card":"summary_large_image","twitter_misc":{"Tiempo de lectura":"2 minutos"},"schema":{"@context":"https:\/\/schema.org","@graph":[{"@type":"WebPage","@id":"https:\/\/homolog.saintandrews.com.br\/carrinho\/","url":"https:\/\/homolog.saintandrews.com.br\/carrinho\/","name":"Carrinho - Castelo Saint Andrews","isPartOf":{"@id":"https:\/\/homolog.saintandrews.com.br\/#website"},"primaryImageOfPage":{"@id":"https:\/\/homolog.saintandrews.com.br\/carrinho\/#primaryimage"},"image":{"@id":"https:\/\/homolog.saintandrews.com.br\/carrinho\/#primaryimage"},"thumbnailUrl":"https:\/\/homolog.saintandrews.com.br\/wp-content\/uploads\/woocommerce-placeholder.png","datePublished":"2024-05-10T02:10:16+00:00","dateModified":"2024-05-10T02:15:26+00:00","breadcrumb":{"@id":"https:\/\/homolog.saintandrews.com.br\/carrinho\/#breadcrumb"},"inLanguage":"es","potentialAction":[{"@type":"ReadAction","target":["https:\/\/homolog.saintandrews.com.br\/carrinho\/"]}]},{"@type":"ImageObject","inLanguage":"es","@id":"https:\/\/homolog.saintandrews.com.br\/carrinho\/#primaryimage","url":"https:\/\/homolog.saintandrews.com.br\/wp-content\/uploads\/woocommerce-placeholder.png","contentUrl":"https:\/\/homolog.saintandrews.com.br\/wp-content\/uploads\/woocommerce-placeholder.png"},{"@type":"BreadcrumbList","@id":"https:\/\/homolog.saintandrews.com.br\/carrinho\/#breadcrumb","itemListElement":[{"@type":"ListItem","position":1,"name":"In\u00edcio","item":"https:\/\/homolog.saintandrews.com.br\/"},{"@type":"ListItem","position":2,"name":"Carrinho"}]},{"@type":"WebSite","@id":"https:\/\/homolog.saintandrews.com.br\/#website","url":"https:\/\/homolog.saintandrews.com.br\/","name":"El Castillo De Saint Andrews.","description":"Su hotel en Gramado","publisher":{"@id":"https:\/\/homolog.saintandrews.com.br\/#organization"},"potentialAction":[{"@type":"SearchAction","target":{"@type":"EntryPoint","urlTemplate":"https:\/\/homolog.saintandrews.com.br\/?s={search_term_string}"},"query-input":{"@type":"PropertyValueSpecification","valueRequired":true,"valueName":"search_term_string"}}],"inLanguage":"es"},{"@type":"Organization","@id":"https:\/\/homolog.saintandrews.com.br\/#organization","name":"El Castillo De Saint Andrews.","url":"https:\/\/homolog.saintandrews.com.br\/","logo":{"@type":"ImageObject","inLanguage":"es","@id":"https:\/\/homolog.saintandrews.com.br\/#\/schema\/logo\/image\/","url":"https:\/\/homolog.saintandrews.com.br\/wp-content\/uploads\/2024\/04\/Logo-SaintAndrews-01-01.svg","contentUrl":"https:\/\/homolog.saintandrews.com.br\/wp-content\/uploads\/2024\/04\/Logo-SaintAndrews-01-01.svg","width":612.9299999999999499777914024889469146728515625,"height":167.5,"caption":"Castelo Saint Andrews"},"image":{"@id":"https:\/\/homolog.saintandrews.com.br\/#\/schema\/logo\/image\/"}}]}},"publishpress_future_action":{"enabled":false,"date":"2026-04-26 10:32:15","action":"change-status","newStatus":"draft","terms":[],"taxonomy":"","extraData":[]},"publishpress_future_workflow_manual_trigger":{"enabledWorkflows":[]},"_links":{"self":[{"href":"https:\/\/homolog.saintandrews.com.br\/es\/wp-json\/wp\/v2\/pages\/9940","targetHints":{"allow":["GET"]}}],"collection":[{"href":"https:\/\/homolog.saintandrews.com.br\/es\/wp-json\/wp\/v2\/pages"}],"about":[{"href":"https:\/\/homolog.saintandrews.com.br\/es\/wp-json\/wp\/v2\/types\/page"}],"author":[{"embeddable":true,"href":"https:\/\/homolog.saintandrews.com.br\/es\/wp-json\/wp\/v2\/users\/2"}],"replies":[{"embeddable":true,"href":"https:\/\/homolog.saintandrews.com.br\/es\/wp-json\/wp\/v2\/comments?post=9940"}],"version-history":[{"count":0,"href":"https:\/\/homolog.saintandrews.com.br\/es\/wp-json\/wp\/v2\/pages\/9940\/revisions"}],"wp:attachment":[{"href":"https:\/\/homolog.saintandrews.com.br\/es\/wp-json\/wp\/v2\/media?parent=9940"}],"curies":[{"name":"wp","href":"https:\/\/api.w.org\/{rel}","templated":true}]}}