{"id":6607,"date":"2024-01-04T01:00:39","date_gmt":"2024-01-04T04:00:39","guid":{"rendered":"https:\/\/saintandrews.com.br\/?post_type=product&#038;p=6607"},"modified":"2025-04-28T14:28:07","modified_gmt":"2025-04-28T17:28:07","slug":"pizza-gourmet","status":"publish","type":"product","link":"https:\/\/homolog.saintandrews.com.br\/es\/producto\/pizza-gourmet\/","title":{"rendered":"Pizza gourmet"},"content":{"rendered":"<p><strong>Uma experi\u00eancia exclusiva e saborosa no Castelo Saint Andrews<\/strong><\/p>\n<p>Pizzas gourmet preparadas com maestria especialmente para voc\u00ea e seu acompanhante. Utilizamos farinha italiana e ingredientes nobres. Surpreenda-se com nossas releituras de receitas cl\u00e1ssicas ou crie sua pr\u00f3pria combina\u00e7\u00e3o de sabores.<\/p>\n<p>Esta experi\u00eancia inclui duas (2) pizzas m\u00e9dias salgadas e uma (1) doce, com sabores \u00e0 sua escolha, selecionados do nosso menu ou personalizados conforme sua prefer\u00eancia.<\/p>\n<p><strong>Op\u00e7\u00f5es Salgadas:<\/strong><\/p>\n<ul>\n<li>Gorgonzola, end\u00edvia e p\u00eara<\/li>\n<li>Cogumelos, trufas e zucchini<\/li>\n<li>Foie gras, figo e cebola caramelizada<\/li>\n<li>Queijo de cabra, tomate e pesto<\/li>\n<li>Tomate, atum e azeitona<\/li>\n<li>Aspargos e queijo brie<\/li>\n<li>Cogumelo, presunto, emmental, tomate e ovo<\/li>\n<li>Peito de peru, damasco e gorgonzola<\/li>\n<li>Presunto cru, mozzarela de b\u00fafala e r\u00facula<\/li>\n<li>Camar\u00e3o, alho por\u00f3 e dill<\/li>\n<li>Salm\u00e3o curado, end\u00edvia e cream cheese<\/li>\n<li>Bacalhau, tomate, azeitona e ovo<\/li>\n<\/ul>\n<p><strong><br \/>\nOp\u00e7\u00f5es Doces:<\/strong><\/p>\n<ul>\n<li>Framboesa, chocolate branco e brie<\/li>\n<li>Banana, chocolate e am\u00eandoas<\/li>\n<li>Nutella e morangos<\/li>\n<\/ul>\n<p>&nbsp;<\/p>\n<p><strong>Bebidas cobradas \u00e0 parte.<\/strong><\/p>\n<p><strong>Dura\u00e7\u00e3o:<\/strong> Esse servi\u00e7o tem dura\u00e7\u00e3o de 2h.<\/p>\n<p><strong>Quando:<\/strong> Diariamente.<\/p>\n<p>&nbsp;<\/p>\n<p>***<\/p>\n<p><span style=\"font-size: 10pt;\"><em><span style=\"color: #993300;\">\u2022 Ap\u00f3s a aquisi\u00e7\u00e3o de qualquer servi\u00e7o do Saint Andrews e a confirma\u00e7\u00e3o do pagamento, um de nossos dedicados concierges entrar\u00e1 em contato por telefone para informar os hor\u00e1rios dispon\u00edveis na data selecionada, garantindo que seu agendamento seja realizado com a m\u00e1xima conveni\u00eancia e exclusividade.<br \/>\n\u2022 Ao final do atendimento, ficaremos agradecidos se considerar nossa taxa de servi\u00e7o.<\/span><\/em><\/span><\/p>","protected":false},"excerpt":{"rendered":"<p>Com um toque refinado e sele\u00e7\u00e3o especial de ingredientes, a Pizza Gourmet do Castelo oferece uma experi\u00eancia \u00fanica para quem deseja celebrar bons momentos com uma excelente gastronomia. <strong>Valor para 2 pessoas.<\/strong><\/p>","protected":false},"featured_media":10079,"template":"","meta":{"_acf_changed":false},"product_brand":[],"product_cat":[229],"product_tag":[],"class_list":{"0":"post-6607","1":"product","2":"type-product","3":"status-publish","4":"has-post-thumbnail","6":"product_cat-gastronomia","8":"first","9":"instock","10":"virtual","11":"taxable","12":"purchasable","13":"product-type-simple"},"acf":[],"yoast_head":"<!-- This site is optimized with the Yoast SEO plugin v27.4 - https:\/\/yoast.com\/product\/yoast-seo-wordpress\/ -->\n<title>Pizza Gourmet - Castelo Saint Andrews<\/title>\n<meta name=\"description\" content=\"Com um toque refinado e sele\u00e7\u00e3o especial de ingredientes, a Pizza Gourmet do Castelo oferece uma experi\u00eancia \u00fanica e excelente gastronomia.\" \/>\n<meta name=\"robots\" content=\"noindex, follow, max-snippet:-1, max-image-preview:large, max-video-preview:-1\" \/>\n<meta property=\"og:locale\" content=\"es_ES\" \/>\n<meta property=\"og:type\" content=\"article\" \/>\n<meta property=\"og:title\" content=\"Pizza Gourmet\" \/>\n<meta property=\"og:description\" content=\"Com um toque refinado e sele\u00e7\u00e3o especial de ingredientes, a Pizza Gourmet do Castelo oferece uma experi\u00eancia \u00fanica e excelente gastronomia.\" \/>\n<meta property=\"og:url\" content=\"https:\/\/homolog.saintandrews.com.br\/es\/producto\/pizza-gourmet\/\" \/>\n<meta property=\"og:site_name\" content=\"Castelo Saint Andrews\" \/>\n<meta property=\"article:modified_time\" content=\"2025-04-28T17:28:07+00:00\" \/>\n<meta property=\"og:image\" content=\"https:\/\/homolog.saintandrews.com.br\/wp-content\/uploads\/2024\/03\/pizza-768x768-1.webp\" \/>\n\t<meta property=\"og:image:width\" content=\"768\" \/>\n\t<meta property=\"og:image:height\" content=\"768\" \/>\n\t<meta property=\"og:image:type\" content=\"image\/webp\" \/>\n<meta name=\"twitter:card\" content=\"summary_large_image\" \/>\n<meta name=\"twitter:label1\" content=\"Tiempo de lectura\" \/>\n\t<meta name=\"twitter:data1\" content=\"2 minutos\" \/>\n<script type=\"application\/ld+json\" class=\"yoast-schema-graph\">{\"@context\":\"https:\\\/\\\/schema.org\",\"@graph\":[{\"@type\":\"WebPage\",\"@id\":\"https:\\\/\\\/homolog.saintandrews.com.br\\\/produto\\\/pizza-gourmet\\\/\",\"url\":\"https:\\\/\\\/homolog.saintandrews.com.br\\\/produto\\\/pizza-gourmet\\\/\",\"name\":\"Pizza Gourmet - Castelo Saint Andrews\",\"isPartOf\":{\"@id\":\"https:\\\/\\\/homolog.saintandrews.com.br\\\/#website\"},\"primaryImageOfPage\":{\"@id\":\"https:\\\/\\\/homolog.saintandrews.com.br\\\/produto\\\/pizza-gourmet\\\/#primaryimage\"},\"image\":{\"@id\":\"https:\\\/\\\/homolog.saintandrews.com.br\\\/produto\\\/pizza-gourmet\\\/#primaryimage\"},\"thumbnailUrl\":\"https:\\\/\\\/homolog.saintandrews.com.br\\\/wp-content\\\/uploads\\\/2024\\\/03\\\/pizza-768x768-1.webp\",\"datePublished\":\"2024-01-04T04:00:39+00:00\",\"dateModified\":\"2025-04-28T17:28:07+00:00\",\"description\":\"Com um toque refinado e sele\u00e7\u00e3o especial de ingredientes, a Pizza Gourmet do Castelo oferece uma experi\u00eancia \u00fanica e excelente gastronomia.\",\"breadcrumb\":{\"@id\":\"https:\\\/\\\/homolog.saintandrews.com.br\\\/produto\\\/pizza-gourmet\\\/#breadcrumb\"},\"inLanguage\":\"es\",\"potentialAction\":[{\"@type\":\"ReadAction\",\"target\":[\"https:\\\/\\\/homolog.saintandrews.com.br\\\/produto\\\/pizza-gourmet\\\/\"]}]},{\"@type\":\"ImageObject\",\"inLanguage\":\"es\",\"@id\":\"https:\\\/\\\/homolog.saintandrews.com.br\\\/produto\\\/pizza-gourmet\\\/#primaryimage\",\"url\":\"https:\\\/\\\/homolog.saintandrews.com.br\\\/wp-content\\\/uploads\\\/2024\\\/03\\\/pizza-768x768-1.webp\",\"contentUrl\":\"https:\\\/\\\/homolog.saintandrews.com.br\\\/wp-content\\\/uploads\\\/2024\\\/03\\\/pizza-768x768-1.webp\",\"width\":768,\"height\":768},{\"@type\":\"BreadcrumbList\",\"@id\":\"https:\\\/\\\/homolog.saintandrews.com.br\\\/produto\\\/pizza-gourmet\\\/#breadcrumb\",\"itemListElement\":[{\"@type\":\"ListItem\",\"position\":1,\"name\":\"In\u00edcio\",\"item\":\"https:\\\/\\\/homolog.saintandrews.com.br\\\/\"},{\"@type\":\"ListItem\",\"position\":2,\"name\":\"Produtos\",\"item\":\"https:\\\/\\\/homolog.saintandrews.com.br\\\/shop\\\/\"},{\"@type\":\"ListItem\",\"position\":3,\"name\":\"Pizza Gourmet\"}]},{\"@type\":\"WebSite\",\"@id\":\"https:\\\/\\\/homolog.saintandrews.com.br\\\/#website\",\"url\":\"https:\\\/\\\/homolog.saintandrews.com.br\\\/\",\"name\":\"Castelo Saint Andrews\",\"description\":\"Seu hotel\u00a0em\u00a0Gramado\",\"publisher\":{\"@id\":\"https:\\\/\\\/homolog.saintandrews.com.br\\\/#organization\"},\"potentialAction\":[{\"@type\":\"SearchAction\",\"target\":{\"@type\":\"EntryPoint\",\"urlTemplate\":\"https:\\\/\\\/homolog.saintandrews.com.br\\\/?s={search_term_string}\"},\"query-input\":{\"@type\":\"PropertyValueSpecification\",\"valueRequired\":true,\"valueName\":\"search_term_string\"}}],\"inLanguage\":\"es\"},{\"@type\":\"Organization\",\"@id\":\"https:\\\/\\\/homolog.saintandrews.com.br\\\/#organization\",\"name\":\"Castelo Saint Andrews\",\"url\":\"https:\\\/\\\/homolog.saintandrews.com.br\\\/\",\"logo\":{\"@type\":\"ImageObject\",\"inLanguage\":\"es\",\"@id\":\"https:\\\/\\\/homolog.saintandrews.com.br\\\/#\\\/schema\\\/logo\\\/image\\\/\",\"url\":\"https:\\\/\\\/homolog.saintandrews.com.br\\\/wp-content\\\/uploads\\\/2024\\\/04\\\/Logo-SaintAndrews-01-01.svg\",\"contentUrl\":\"https:\\\/\\\/homolog.saintandrews.com.br\\\/wp-content\\\/uploads\\\/2024\\\/04\\\/Logo-SaintAndrews-01-01.svg\",\"width\":612.9299999999999499777914024889469146728515625,\"height\":167.5,\"caption\":\"Castelo Saint Andrews\"},\"image\":{\"@id\":\"https:\\\/\\\/homolog.saintandrews.com.br\\\/#\\\/schema\\\/logo\\\/image\\\/\"}}]}<\/script>\n<!-- \/ Yoast SEO plugin. -->","yoast_head_json":{"title":"Pizza Gourmet - Castelo Saint Andrews","description":"Com um toque refinado e sele\u00e7\u00e3o especial de ingredientes, a Pizza Gourmet do Castelo oferece uma experi\u00eancia \u00fanica e excelente gastronomia.","robots":{"index":"noindex","follow":"follow","max-snippet":"max-snippet:-1","max-image-preview":"max-image-preview:large","max-video-preview":"max-video-preview:-1"},"og_locale":"es_ES","og_type":"article","og_title":"Pizza Gourmet","og_description":"Com um toque refinado e sele\u00e7\u00e3o especial de ingredientes, a Pizza Gourmet do Castelo oferece uma experi\u00eancia \u00fanica e excelente gastronomia.","og_url":"https:\/\/homolog.saintandrews.com.br\/es\/producto\/pizza-gourmet\/","og_site_name":"Castelo Saint Andrews","article_modified_time":"2025-04-28T17:28:07+00:00","og_image":[{"width":768,"height":768,"url":"https:\/\/homolog.saintandrews.com.br\/wp-content\/uploads\/2024\/03\/pizza-768x768-1.webp","type":"image\/webp"}],"twitter_card":"summary_large_image","twitter_misc":{"Tiempo de lectura":"2 minutos"},"schema":{"@context":"https:\/\/schema.org","@graph":[{"@type":"WebPage","@id":"https:\/\/homolog.saintandrews.com.br\/produto\/pizza-gourmet\/","url":"https:\/\/homolog.saintandrews.com.br\/produto\/pizza-gourmet\/","name":"Pizza Gourmet - Castelo Saint Andrews","isPartOf":{"@id":"https:\/\/homolog.saintandrews.com.br\/#website"},"primaryImageOfPage":{"@id":"https:\/\/homolog.saintandrews.com.br\/produto\/pizza-gourmet\/#primaryimage"},"image":{"@id":"https:\/\/homolog.saintandrews.com.br\/produto\/pizza-gourmet\/#primaryimage"},"thumbnailUrl":"https:\/\/homolog.saintandrews.com.br\/wp-content\/uploads\/2024\/03\/pizza-768x768-1.webp","datePublished":"2024-01-04T04:00:39+00:00","dateModified":"2025-04-28T17:28:07+00:00","description":"Com um toque refinado e sele\u00e7\u00e3o especial de ingredientes, a Pizza Gourmet do Castelo oferece uma experi\u00eancia \u00fanica e excelente gastronomia.","breadcrumb":{"@id":"https:\/\/homolog.saintandrews.com.br\/produto\/pizza-gourmet\/#breadcrumb"},"inLanguage":"es","potentialAction":[{"@type":"ReadAction","target":["https:\/\/homolog.saintandrews.com.br\/produto\/pizza-gourmet\/"]}]},{"@type":"ImageObject","inLanguage":"es","@id":"https:\/\/homolog.saintandrews.com.br\/produto\/pizza-gourmet\/#primaryimage","url":"https:\/\/homolog.saintandrews.com.br\/wp-content\/uploads\/2024\/03\/pizza-768x768-1.webp","contentUrl":"https:\/\/homolog.saintandrews.com.br\/wp-content\/uploads\/2024\/03\/pizza-768x768-1.webp","width":768,"height":768},{"@type":"BreadcrumbList","@id":"https:\/\/homolog.saintandrews.com.br\/produto\/pizza-gourmet\/#breadcrumb","itemListElement":[{"@type":"ListItem","position":1,"name":"In\u00edcio","item":"https:\/\/homolog.saintandrews.com.br\/"},{"@type":"ListItem","position":2,"name":"Produtos","item":"https:\/\/homolog.saintandrews.com.br\/shop\/"},{"@type":"ListItem","position":3,"name":"Pizza Gourmet"}]},{"@type":"WebSite","@id":"https:\/\/homolog.saintandrews.com.br\/#website","url":"https:\/\/homolog.saintandrews.com.br\/","name":"El Castillo De Saint Andrews.","description":"Su hotel en Gramado","publisher":{"@id":"https:\/\/homolog.saintandrews.com.br\/#organization"},"potentialAction":[{"@type":"SearchAction","target":{"@type":"EntryPoint","urlTemplate":"https:\/\/homolog.saintandrews.com.br\/?s={search_term_string}"},"query-input":{"@type":"PropertyValueSpecification","valueRequired":true,"valueName":"search_term_string"}}],"inLanguage":"es"},{"@type":"Organization","@id":"https:\/\/homolog.saintandrews.com.br\/#organization","name":"El Castillo De Saint Andrews.","url":"https:\/\/homolog.saintandrews.com.br\/","logo":{"@type":"ImageObject","inLanguage":"es","@id":"https:\/\/homolog.saintandrews.com.br\/#\/schema\/logo\/image\/","url":"https:\/\/homolog.saintandrews.com.br\/wp-content\/uploads\/2024\/04\/Logo-SaintAndrews-01-01.svg","contentUrl":"https:\/\/homolog.saintandrews.com.br\/wp-content\/uploads\/2024\/04\/Logo-SaintAndrews-01-01.svg","width":612.9299999999999499777914024889469146728515625,"height":167.5,"caption":"Castelo Saint Andrews"},"image":{"@id":"https:\/\/homolog.saintandrews.com.br\/#\/schema\/logo\/image\/"}}]}},"publishpress_future_action":{"enabled":false,"date":"2026-04-26 14:56:34","action":"change-status","newStatus":"draft","terms":[],"taxonomy":"product_type","extraData":[]},"publishpress_future_workflow_manual_trigger":{"enabledWorkflows":[]},"_links":{"self":[{"href":"https:\/\/homolog.saintandrews.com.br\/es\/wp-json\/wp\/v2\/product\/6607","targetHints":{"allow":["GET"]}}],"collection":[{"href":"https:\/\/homolog.saintandrews.com.br\/es\/wp-json\/wp\/v2\/product"}],"about":[{"href":"https:\/\/homolog.saintandrews.com.br\/es\/wp-json\/wp\/v2\/types\/product"}],"wp:featuredmedia":[{"embeddable":true,"href":"https:\/\/homolog.saintandrews.com.br\/es\/wp-json\/wp\/v2\/media\/10079"}],"wp:attachment":[{"href":"https:\/\/homolog.saintandrews.com.br\/es\/wp-json\/wp\/v2\/media?parent=6607"}],"wp:term":[{"taxonomy":"product_brand","embeddable":true,"href":"https:\/\/homolog.saintandrews.com.br\/es\/wp-json\/wp\/v2\/product_brand?post=6607"},{"taxonomy":"product_cat","embeddable":true,"href":"https:\/\/homolog.saintandrews.com.br\/es\/wp-json\/wp\/v2\/product_cat?post=6607"},{"taxonomy":"product_tag","embeddable":true,"href":"https:\/\/homolog.saintandrews.com.br\/es\/wp-json\/wp\/v2\/product_tag?post=6607"}],"curies":[{"name":"wp","href":"https:\/\/api.w.org\/{rel}","templated":true}]}}