{"id":7061,"date":"2024-03-29T19:09:09","date_gmt":"2024-03-29T22:09:09","guid":{"rendered":"https:\/\/saintandrews.com.br\/?post_type=product&#038;p=7061"},"modified":"2024-12-02T16:12:43","modified_gmt":"2024-12-02T19:12:43","slug":"combo-spa-relax","status":"publish","type":"product","link":"https:\/\/homolog.saintandrews.com.br\/es\/producto\/combo-spa-relax\/","title":{"rendered":"Combo Spa Relax"},"content":{"rendered":"<p>45 min de Massagem Anti Stress + 15 min de Reflexologia Podal<\/p>\n<p>***<\/p>\n<p><span style=\"font-size: 10pt;\"><em><span style=\"color: #993300;\">Ap\u00f3s a aquisi\u00e7\u00e3o de qualquer servi\u00e7o do Saint Andrews e a confirma\u00e7\u00e3o do pagamento, um de nossos dedicados concierges entrar\u00e1 em contato por telefone para informar os hor\u00e1rios dispon\u00edveis na data selecionada, garantindo que seu agendamento seja realizado com a m\u00e1xima conveni\u00eancia e exclusividade.<\/span><\/em><\/span><\/p>","protected":false},"excerpt":{"rendered":"<p>45 min de Massagem Anti Stress + 15 min de Reflexologia Podal<\/p>\n<p><span style=\"color: #993300;\"><em>* Escolha a dura\u00e7\u00e3o e data de reserva nos campos abaixo para visualizar os valores.\u00a0<\/em><\/span><\/p>","protected":false},"featured_media":10051,"template":"","meta":{"_acf_changed":false},"product_brand":[],"product_cat":[230],"product_tag":[],"class_list":{"0":"post-7061","1":"product","2":"type-product","3":"status-publish","4":"has-post-thumbnail","6":"product_cat-spa","8":"first","9":"instock","10":"virtual","11":"taxable","12":"product-type-simple"},"acf":[],"yoast_head":"<!-- This site is optimized with the Yoast SEO plugin v27.4 - https:\/\/yoast.com\/product\/yoast-seo-wordpress\/ -->\n<title>Combo Spa Relax - Castelo Saint Andrews<\/title>\n<meta name=\"robots\" content=\"noindex, follow, max-snippet:-1, max-image-preview:large, max-video-preview:-1\" \/>\n<meta property=\"og:locale\" content=\"es_ES\" \/>\n<meta property=\"og:type\" content=\"article\" \/>\n<meta property=\"og:title\" content=\"Combo Spa Relax - Castelo Saint Andrews\" \/>\n<meta property=\"og:description\" content=\"45 min de Massagem Anti Stress + 15 min de Reflexologia Podal  * Escolha a dura\u00e7\u00e3o e data de reserva nos campos abaixo para visualizar os valores.\u00a0\" \/>\n<meta property=\"og:url\" content=\"https:\/\/homolog.saintandrews.com.br\/es\/producto\/combo-spa-relax\/\" \/>\n<meta property=\"og:site_name\" content=\"Castelo Saint Andrews\" \/>\n<meta property=\"article:modified_time\" content=\"2024-12-02T19:12:43+00:00\" \/>\n<meta property=\"og:image\" content=\"https:\/\/homolog.saintandrews.com.br\/wp-content\/uploads\/2024\/03\/Design-sem-nome-45.png\" \/>\n\t<meta property=\"og:image:width\" content=\"600\" \/>\n\t<meta property=\"og:image:height\" content=\"400\" \/>\n\t<meta property=\"og:image:type\" content=\"image\/png\" \/>\n<meta name=\"twitter:card\" content=\"summary_large_image\" \/>\n<meta name=\"twitter:label1\" content=\"Tiempo de lectura\" \/>\n\t<meta name=\"twitter:data1\" content=\"1 minuto\" \/>\n<script type=\"application\/ld+json\" class=\"yoast-schema-graph\">{\"@context\":\"https:\\\/\\\/schema.org\",\"@graph\":[{\"@type\":\"WebPage\",\"@id\":\"https:\\\/\\\/homolog.saintandrews.com.br\\\/produto\\\/combo-spa-relax\\\/\",\"url\":\"https:\\\/\\\/homolog.saintandrews.com.br\\\/produto\\\/combo-spa-relax\\\/\",\"name\":\"Combo Spa Relax - Castelo Saint Andrews\",\"isPartOf\":{\"@id\":\"https:\\\/\\\/homolog.saintandrews.com.br\\\/#website\"},\"primaryImageOfPage\":{\"@id\":\"https:\\\/\\\/homolog.saintandrews.com.br\\\/produto\\\/combo-spa-relax\\\/#primaryimage\"},\"image\":{\"@id\":\"https:\\\/\\\/homolog.saintandrews.com.br\\\/produto\\\/combo-spa-relax\\\/#primaryimage\"},\"thumbnailUrl\":\"https:\\\/\\\/homolog.saintandrews.com.br\\\/wp-content\\\/uploads\\\/2024\\\/03\\\/Design-sem-nome-45.png\",\"datePublished\":\"2024-03-29T22:09:09+00:00\",\"dateModified\":\"2024-12-02T19:12:43+00:00\",\"breadcrumb\":{\"@id\":\"https:\\\/\\\/homolog.saintandrews.com.br\\\/produto\\\/combo-spa-relax\\\/#breadcrumb\"},\"inLanguage\":\"es\",\"potentialAction\":[{\"@type\":\"ReadAction\",\"target\":[\"https:\\\/\\\/homolog.saintandrews.com.br\\\/produto\\\/combo-spa-relax\\\/\"]}]},{\"@type\":\"ImageObject\",\"inLanguage\":\"es\",\"@id\":\"https:\\\/\\\/homolog.saintandrews.com.br\\\/produto\\\/combo-spa-relax\\\/#primaryimage\",\"url\":\"https:\\\/\\\/homolog.saintandrews.com.br\\\/wp-content\\\/uploads\\\/2024\\\/03\\\/Design-sem-nome-45.png\",\"contentUrl\":\"https:\\\/\\\/homolog.saintandrews.com.br\\\/wp-content\\\/uploads\\\/2024\\\/03\\\/Design-sem-nome-45.png\",\"width\":600,\"height\":400},{\"@type\":\"BreadcrumbList\",\"@id\":\"https:\\\/\\\/homolog.saintandrews.com.br\\\/produto\\\/combo-spa-relax\\\/#breadcrumb\",\"itemListElement\":[{\"@type\":\"ListItem\",\"position\":1,\"name\":\"In\u00edcio\",\"item\":\"https:\\\/\\\/homolog.saintandrews.com.br\\\/\"},{\"@type\":\"ListItem\",\"position\":2,\"name\":\"Produtos\",\"item\":\"https:\\\/\\\/homolog.saintandrews.com.br\\\/shop\\\/\"},{\"@type\":\"ListItem\",\"position\":3,\"name\":\"Combo Spa Relax\"}]},{\"@type\":\"WebSite\",\"@id\":\"https:\\\/\\\/homolog.saintandrews.com.br\\\/#website\",\"url\":\"https:\\\/\\\/homolog.saintandrews.com.br\\\/\",\"name\":\"Castelo Saint Andrews\",\"description\":\"Seu hotel\u00a0em\u00a0Gramado\",\"publisher\":{\"@id\":\"https:\\\/\\\/homolog.saintandrews.com.br\\\/#organization\"},\"potentialAction\":[{\"@type\":\"SearchAction\",\"target\":{\"@type\":\"EntryPoint\",\"urlTemplate\":\"https:\\\/\\\/homolog.saintandrews.com.br\\\/?s={search_term_string}\"},\"query-input\":{\"@type\":\"PropertyValueSpecification\",\"valueRequired\":true,\"valueName\":\"search_term_string\"}}],\"inLanguage\":\"es\"},{\"@type\":\"Organization\",\"@id\":\"https:\\\/\\\/homolog.saintandrews.com.br\\\/#organization\",\"name\":\"Castelo Saint Andrews\",\"url\":\"https:\\\/\\\/homolog.saintandrews.com.br\\\/\",\"logo\":{\"@type\":\"ImageObject\",\"inLanguage\":\"es\",\"@id\":\"https:\\\/\\\/homolog.saintandrews.com.br\\\/#\\\/schema\\\/logo\\\/image\\\/\",\"url\":\"https:\\\/\\\/homolog.saintandrews.com.br\\\/wp-content\\\/uploads\\\/2024\\\/04\\\/Logo-SaintAndrews-01-01.svg\",\"contentUrl\":\"https:\\\/\\\/homolog.saintandrews.com.br\\\/wp-content\\\/uploads\\\/2024\\\/04\\\/Logo-SaintAndrews-01-01.svg\",\"width\":612.9299999999999499777914024889469146728515625,\"height\":167.5,\"caption\":\"Castelo Saint Andrews\"},\"image\":{\"@id\":\"https:\\\/\\\/homolog.saintandrews.com.br\\\/#\\\/schema\\\/logo\\\/image\\\/\"}}]}<\/script>\n<!-- \/ Yoast SEO plugin. -->","yoast_head_json":{"title":"Combo Spa Relax - Castelo Saint Andrews","robots":{"index":"noindex","follow":"follow","max-snippet":"max-snippet:-1","max-image-preview":"max-image-preview:large","max-video-preview":"max-video-preview:-1"},"og_locale":"es_ES","og_type":"article","og_title":"Combo Spa Relax - Castelo Saint Andrews","og_description":"45 min de Massagem Anti Stress + 15 min de Reflexologia Podal  * Escolha a dura\u00e7\u00e3o e data de reserva nos campos abaixo para visualizar os valores.\u00a0","og_url":"https:\/\/homolog.saintandrews.com.br\/es\/producto\/combo-spa-relax\/","og_site_name":"Castelo Saint Andrews","article_modified_time":"2024-12-02T19:12:43+00:00","og_image":[{"width":600,"height":400,"url":"https:\/\/homolog.saintandrews.com.br\/wp-content\/uploads\/2024\/03\/Design-sem-nome-45.png","type":"image\/png"}],"twitter_card":"summary_large_image","twitter_misc":{"Tiempo de lectura":"1 minuto"},"schema":{"@context":"https:\/\/schema.org","@graph":[{"@type":"WebPage","@id":"https:\/\/homolog.saintandrews.com.br\/produto\/combo-spa-relax\/","url":"https:\/\/homolog.saintandrews.com.br\/produto\/combo-spa-relax\/","name":"Combo Spa Relax - Castelo Saint Andrews","isPartOf":{"@id":"https:\/\/homolog.saintandrews.com.br\/#website"},"primaryImageOfPage":{"@id":"https:\/\/homolog.saintandrews.com.br\/produto\/combo-spa-relax\/#primaryimage"},"image":{"@id":"https:\/\/homolog.saintandrews.com.br\/produto\/combo-spa-relax\/#primaryimage"},"thumbnailUrl":"https:\/\/homolog.saintandrews.com.br\/wp-content\/uploads\/2024\/03\/Design-sem-nome-45.png","datePublished":"2024-03-29T22:09:09+00:00","dateModified":"2024-12-02T19:12:43+00:00","breadcrumb":{"@id":"https:\/\/homolog.saintandrews.com.br\/produto\/combo-spa-relax\/#breadcrumb"},"inLanguage":"es","potentialAction":[{"@type":"ReadAction","target":["https:\/\/homolog.saintandrews.com.br\/produto\/combo-spa-relax\/"]}]},{"@type":"ImageObject","inLanguage":"es","@id":"https:\/\/homolog.saintandrews.com.br\/produto\/combo-spa-relax\/#primaryimage","url":"https:\/\/homolog.saintandrews.com.br\/wp-content\/uploads\/2024\/03\/Design-sem-nome-45.png","contentUrl":"https:\/\/homolog.saintandrews.com.br\/wp-content\/uploads\/2024\/03\/Design-sem-nome-45.png","width":600,"height":400},{"@type":"BreadcrumbList","@id":"https:\/\/homolog.saintandrews.com.br\/produto\/combo-spa-relax\/#breadcrumb","itemListElement":[{"@type":"ListItem","position":1,"name":"In\u00edcio","item":"https:\/\/homolog.saintandrews.com.br\/"},{"@type":"ListItem","position":2,"name":"Produtos","item":"https:\/\/homolog.saintandrews.com.br\/shop\/"},{"@type":"ListItem","position":3,"name":"Combo Spa Relax"}]},{"@type":"WebSite","@id":"https:\/\/homolog.saintandrews.com.br\/#website","url":"https:\/\/homolog.saintandrews.com.br\/","name":"El Castillo De Saint Andrews.","description":"Su hotel en Gramado","publisher":{"@id":"https:\/\/homolog.saintandrews.com.br\/#organization"},"potentialAction":[{"@type":"SearchAction","target":{"@type":"EntryPoint","urlTemplate":"https:\/\/homolog.saintandrews.com.br\/?s={search_term_string}"},"query-input":{"@type":"PropertyValueSpecification","valueRequired":true,"valueName":"search_term_string"}}],"inLanguage":"es"},{"@type":"Organization","@id":"https:\/\/homolog.saintandrews.com.br\/#organization","name":"El Castillo De Saint Andrews.","url":"https:\/\/homolog.saintandrews.com.br\/","logo":{"@type":"ImageObject","inLanguage":"es","@id":"https:\/\/homolog.saintandrews.com.br\/#\/schema\/logo\/image\/","url":"https:\/\/homolog.saintandrews.com.br\/wp-content\/uploads\/2024\/04\/Logo-SaintAndrews-01-01.svg","contentUrl":"https:\/\/homolog.saintandrews.com.br\/wp-content\/uploads\/2024\/04\/Logo-SaintAndrews-01-01.svg","width":612.9299999999999499777914024889469146728515625,"height":167.5,"caption":"Castelo Saint Andrews"},"image":{"@id":"https:\/\/homolog.saintandrews.com.br\/#\/schema\/logo\/image\/"}}]}},"publishpress_future_action":{"enabled":false,"date":"2026-04-26 15:36:15","action":"change-status","newStatus":"draft","terms":[],"taxonomy":"product_type","extraData":[]},"publishpress_future_workflow_manual_trigger":{"enabledWorkflows":[]},"_links":{"self":[{"href":"https:\/\/homolog.saintandrews.com.br\/es\/wp-json\/wp\/v2\/product\/7061","targetHints":{"allow":["GET"]}}],"collection":[{"href":"https:\/\/homolog.saintandrews.com.br\/es\/wp-json\/wp\/v2\/product"}],"about":[{"href":"https:\/\/homolog.saintandrews.com.br\/es\/wp-json\/wp\/v2\/types\/product"}],"wp:featuredmedia":[{"embeddable":true,"href":"https:\/\/homolog.saintandrews.com.br\/es\/wp-json\/wp\/v2\/media\/10051"}],"wp:attachment":[{"href":"https:\/\/homolog.saintandrews.com.br\/es\/wp-json\/wp\/v2\/media?parent=7061"}],"wp:term":[{"taxonomy":"product_brand","embeddable":true,"href":"https:\/\/homolog.saintandrews.com.br\/es\/wp-json\/wp\/v2\/product_brand?post=7061"},{"taxonomy":"product_cat","embeddable":true,"href":"https:\/\/homolog.saintandrews.com.br\/es\/wp-json\/wp\/v2\/product_cat?post=7061"},{"taxonomy":"product_tag","embeddable":true,"href":"https:\/\/homolog.saintandrews.com.br\/es\/wp-json\/wp\/v2\/product_tag?post=7061"}],"curies":[{"name":"wp","href":"https:\/\/api.w.org\/{rel}","templated":true}]}}