{"id":9718,"date":"2024-01-08T16:53:40","date_gmt":"2024-01-08T19:53:40","guid":{"rendered":"https:\/\/saintandrews.com.br\/?post_type=product&#038;p=6601"},"modified":"2025-04-28T14:19:50","modified_gmt":"2025-04-28T17:19:50","slug":"wine-moment-jantar","status":"publish","type":"product","link":"https:\/\/homolog.saintandrews.com.br\/es\/producto\/wine-moment-jantar\/","title":{"rendered":"Wine Moment + Jantar"},"content":{"rendered":"<p><span class=\"OYPEnA text-decoration-none text-strikethrough-none\">Compartilhe um bom vinho com quem voc\u00ea ama no encantador Castelo Saint Andrews. Aqui voc\u00ea pode viver uma experi\u00eancia enogastron\u00f4mica no lindo gazebo de nosso jardim ou em nosso mirante com uma vista espetacular para o Vale do Quilombo.\u00a0<\/span><\/p>\n<p>Um convite para apreciar o que h\u00e1 de melhor em vinhos e alta gastronomia.<\/p>\n<p>&nbsp;<\/p>\n<p>A experi\u00eancia inclui:<\/p>\n<p><strong>Wine Moment:<\/strong> Escolha um vinho que deseja degustar entre as diversas op\u00e7\u00f5es sugeridas pelo nosso sommelier e deguste no ambiente de sua prefer\u00eancia dentre as op\u00e7\u00f5es selecionadas. A harmoniza\u00e7\u00e3o \u00e9 feita a partir de uma sele\u00e7\u00e3o de queijos e frios especiais, frutas frescas e secas e p\u00e3es artesanais.<\/p>\n<p><img fetchpriority=\"high\" decoding=\"async\" class=\"alignnone size-medium wp-image-14966\" src=\"https:\/\/homolog.saintandrews.com.br\/wp-content\/uploads\/2024\/03\/tabua-de-frios-300x183.webp\" alt=\"\" width=\"300\" height=\"183\" srcset=\"https:\/\/homolog.saintandrews.com.br\/wp-content\/uploads\/2024\/03\/tabua-de-frios-300x183.webp 300w, https:\/\/homolog.saintandrews.com.br\/wp-content\/uploads\/2024\/03\/tabua-de-frios-1024x624.webp 1024w, https:\/\/homolog.saintandrews.com.br\/wp-content\/uploads\/2024\/03\/tabua-de-frios-768x468.webp 768w, https:\/\/homolog.saintandrews.com.br\/wp-content\/uploads\/2024\/03\/tabua-de-frios-18x12.webp 18w, https:\/\/homolog.saintandrews.com.br\/wp-content\/uploads\/2024\/03\/tabua-de-frios-600x366.webp 600w, https:\/\/homolog.saintandrews.com.br\/wp-content\/uploads\/2024\/03\/tabua-de-frios.webp 1337w\" sizes=\"(max-width: 300px) 100vw, 300px\" \/><br \/>\n<span style=\"font-size: 8pt;\">Foto Ilustrativa<\/span><\/p>\n<p><strong>Dura\u00e7\u00e3o:<\/strong> Esse servi\u00e7o tem dura\u00e7\u00e3o de 1h30.<\/p>\n<p>&nbsp;<\/p>\n<p><strong>Jantar no Primrose:<\/strong> A beleza e a sofistica\u00e7\u00e3o do Restaurante Primrose s\u00e3o inigual\u00e1veis. Deguste os sabores da alta gastronomia do nosso menu especial para o jantar e aproveite as sugest\u00f5es de harmoniza\u00e7\u00e3o de nosso sommelier, com os mais refinados vinhos do Brasil e do mundo.<br \/>\nEscolha sua sequ\u00eancia gastron\u00f4mica composta por entrada, prato principal e sobremesa do menu especial do Castelo. <strong>Aten\u00e7\u00e3o:<\/strong> As bebidas do jantar devem ser adquiridas \u00e0 parte.<\/p>\n<p><img decoding=\"async\" class=\"alignnone size-medium wp-image-14967\" src=\"https:\/\/homolog.saintandrews.com.br\/wp-content\/uploads\/2024\/03\/jantar-300x183.webp\" alt=\"\" width=\"300\" height=\"183\" srcset=\"https:\/\/homolog.saintandrews.com.br\/wp-content\/uploads\/2024\/03\/jantar-300x183.webp 300w, https:\/\/homolog.saintandrews.com.br\/wp-content\/uploads\/2024\/03\/jantar-1024x624.webp 1024w, https:\/\/homolog.saintandrews.com.br\/wp-content\/uploads\/2024\/03\/jantar-768x468.webp 768w, https:\/\/homolog.saintandrews.com.br\/wp-content\/uploads\/2024\/03\/jantar-18x12.webp 18w, https:\/\/homolog.saintandrews.com.br\/wp-content\/uploads\/2024\/03\/jantar-600x366.webp 600w, https:\/\/homolog.saintandrews.com.br\/wp-content\/uploads\/2024\/03\/jantar.webp 1337w\" sizes=\"(max-width: 300px) 100vw, 300px\" \/><br \/>\n<span style=\"font-size: 8pt;\">Foto Ilustrativa<\/span><\/p>\n<p><strong>Dura\u00e7\u00e3o:<\/strong> Esse servi\u00e7o tem dura\u00e7\u00e3o de 2h.<\/p>\n<p><strong>Quando:<\/strong> Diariamente a partir das 15h.<\/p>\n<p>&nbsp;<\/p>\n<p>&nbsp;<\/p>\n<p>***<\/p>\n<p><span style=\"font-size: 10pt;\"><em><span style=\"color: #993300;\">\u2022 Ap\u00f3s a aquisi\u00e7\u00e3o de qualquer servi\u00e7o do Saint Andrews e a confirma\u00e7\u00e3o do pagamento, um de nossos dedicados concierges entrar\u00e1 em contato por telefone para informar os hor\u00e1rios dispon\u00edveis na data selecionada, garantindo que seu agendamento seja realizado com a m\u00e1xima conveni\u00eancia e exclusividade.<br \/>\n\u2022 Ao final do atendimento, ficaremos agradecidos se considerar nossa taxa de servi\u00e7o.<\/span><\/em><\/span><\/p>","protected":false},"excerpt":{"rendered":"<p><span class=\"OYPEnA text-decoration-none text-strikethrough-none\">Compartilhe um bom vinho com quem voc\u00ea ama no encantador Castelo Saint Andrews e deguste os sabores da alta gastronomia em um jantar em 3 passos no premiado Restaurante Primrose.<\/span><\/p>","protected":false},"featured_media":10072,"template":"","meta":{"_acf_changed":false},"product_brand":[],"product_cat":[229],"product_tag":[],"class_list":{"0":"post-9718","1":"product","2":"type-product","3":"status-publish","4":"has-post-thumbnail","6":"product_cat-gastronomia","8":"first","9":"instock","10":"virtual","11":"taxable","12":"purchasable","13":"product-type-simple"},"acf":[],"yoast_head":"<!-- This site is optimized with the Yoast SEO plugin v27.4 - https:\/\/yoast.com\/product\/yoast-seo-wordpress\/ -->\n<title>Wine Moment + Jantar - Castelo Saint Andrews<\/title>\n<meta name=\"description\" content=\"Compartilhe um bom vinho com quem voc\u00ea ama no encantador Castelo Saint Andrews no lindo gazebo de nosso jardim ou Vale do Quilombo.\" \/>\n<meta name=\"robots\" content=\"noindex, follow, max-snippet:-1, max-image-preview:large, max-video-preview:-1\" \/>\n<meta property=\"og:locale\" content=\"es_ES\" \/>\n<meta property=\"og:type\" content=\"article\" \/>\n<meta property=\"og:title\" content=\"Wine Experience Saint Andrews com Jantar\" \/>\n<meta property=\"og:description\" content=\"Compartilhe um bom vinho com quem voc\u00ea ama no encantador Castelo Saint Andrews no lindo gazebo de nosso jardim ou Vale do Quilombo.\" \/>\n<meta property=\"og:url\" content=\"https:\/\/homolog.saintandrews.com.br\/es\/producto\/wine-moment-jantar\/\" \/>\n<meta property=\"og:site_name\" content=\"Castelo Saint Andrews\" \/>\n<meta property=\"article:modified_time\" content=\"2025-04-28T17:19:50+00:00\" \/>\n<meta property=\"og:image\" content=\"https:\/\/homolog.saintandrews.com.br\/wp-content\/uploads\/2024\/03\/wine-experience-jantar-1-768x768-1.webp\" \/>\n\t<meta property=\"og:image:width\" content=\"768\" \/>\n\t<meta property=\"og:image:height\" content=\"768\" \/>\n\t<meta property=\"og:image:type\" content=\"image\/webp\" \/>\n<meta name=\"twitter:card\" content=\"summary_large_image\" \/>\n<meta name=\"twitter:label1\" content=\"Tiempo de lectura\" \/>\n\t<meta name=\"twitter:data1\" content=\"3 minutos\" \/>\n<script type=\"application\/ld+json\" class=\"yoast-schema-graph\">{\"@context\":\"https:\\\/\\\/schema.org\",\"@graph\":[{\"@type\":\"WebPage\",\"@id\":\"https:\\\/\\\/homolog.saintandrews.com.br\\\/produto\\\/wine-moment-jantar\\\/\",\"url\":\"https:\\\/\\\/homolog.saintandrews.com.br\\\/produto\\\/wine-moment-jantar\\\/\",\"name\":\"Wine Moment + Jantar - Castelo Saint Andrews\",\"isPartOf\":{\"@id\":\"https:\\\/\\\/homolog.saintandrews.com.br\\\/#website\"},\"primaryImageOfPage\":{\"@id\":\"https:\\\/\\\/homolog.saintandrews.com.br\\\/produto\\\/wine-moment-jantar\\\/#primaryimage\"},\"image\":{\"@id\":\"https:\\\/\\\/homolog.saintandrews.com.br\\\/produto\\\/wine-moment-jantar\\\/#primaryimage\"},\"thumbnailUrl\":\"https:\\\/\\\/homolog.saintandrews.com.br\\\/wp-content\\\/uploads\\\/2024\\\/03\\\/wine-experience-jantar-1-768x768-1.webp\",\"datePublished\":\"2024-01-08T19:53:40+00:00\",\"dateModified\":\"2025-04-28T17:19:50+00:00\",\"description\":\"Compartilhe um bom vinho com quem voc\u00ea ama no encantador Castelo Saint Andrews no lindo gazebo de nosso jardim ou Vale do Quilombo.\",\"breadcrumb\":{\"@id\":\"https:\\\/\\\/homolog.saintandrews.com.br\\\/produto\\\/wine-moment-jantar\\\/#breadcrumb\"},\"inLanguage\":\"es\",\"potentialAction\":[{\"@type\":\"ReadAction\",\"target\":[\"https:\\\/\\\/homolog.saintandrews.com.br\\\/produto\\\/wine-moment-jantar\\\/\"]}]},{\"@type\":\"ImageObject\",\"inLanguage\":\"es\",\"@id\":\"https:\\\/\\\/homolog.saintandrews.com.br\\\/produto\\\/wine-moment-jantar\\\/#primaryimage\",\"url\":\"https:\\\/\\\/homolog.saintandrews.com.br\\\/wp-content\\\/uploads\\\/2024\\\/03\\\/wine-experience-jantar-1-768x768-1.webp\",\"contentUrl\":\"https:\\\/\\\/homolog.saintandrews.com.br\\\/wp-content\\\/uploads\\\/2024\\\/03\\\/wine-experience-jantar-1-768x768-1.webp\",\"width\":768,\"height\":768},{\"@type\":\"BreadcrumbList\",\"@id\":\"https:\\\/\\\/homolog.saintandrews.com.br\\\/produto\\\/wine-moment-jantar\\\/#breadcrumb\",\"itemListElement\":[{\"@type\":\"ListItem\",\"position\":1,\"name\":\"In\u00edcio\",\"item\":\"https:\\\/\\\/homolog.saintandrews.com.br\\\/\"},{\"@type\":\"ListItem\",\"position\":2,\"name\":\"Produtos\",\"item\":\"https:\\\/\\\/homolog.saintandrews.com.br\\\/shop\\\/\"},{\"@type\":\"ListItem\",\"position\":3,\"name\":\"Wine Moment + Jantar\"}]},{\"@type\":\"WebSite\",\"@id\":\"https:\\\/\\\/homolog.saintandrews.com.br\\\/#website\",\"url\":\"https:\\\/\\\/homolog.saintandrews.com.br\\\/\",\"name\":\"Castelo Saint Andrews\",\"description\":\"Seu hotel\u00a0em\u00a0Gramado\",\"publisher\":{\"@id\":\"https:\\\/\\\/homolog.saintandrews.com.br\\\/#organization\"},\"potentialAction\":[{\"@type\":\"SearchAction\",\"target\":{\"@type\":\"EntryPoint\",\"urlTemplate\":\"https:\\\/\\\/homolog.saintandrews.com.br\\\/?s={search_term_string}\"},\"query-input\":{\"@type\":\"PropertyValueSpecification\",\"valueRequired\":true,\"valueName\":\"search_term_string\"}}],\"inLanguage\":\"es\"},{\"@type\":\"Organization\",\"@id\":\"https:\\\/\\\/homolog.saintandrews.com.br\\\/#organization\",\"name\":\"Castelo Saint Andrews\",\"url\":\"https:\\\/\\\/homolog.saintandrews.com.br\\\/\",\"logo\":{\"@type\":\"ImageObject\",\"inLanguage\":\"es\",\"@id\":\"https:\\\/\\\/homolog.saintandrews.com.br\\\/#\\\/schema\\\/logo\\\/image\\\/\",\"url\":\"https:\\\/\\\/homolog.saintandrews.com.br\\\/wp-content\\\/uploads\\\/2024\\\/04\\\/Logo-SaintAndrews-01-01.svg\",\"contentUrl\":\"https:\\\/\\\/homolog.saintandrews.com.br\\\/wp-content\\\/uploads\\\/2024\\\/04\\\/Logo-SaintAndrews-01-01.svg\",\"width\":612.9299999999999499777914024889469146728515625,\"height\":167.5,\"caption\":\"Castelo Saint Andrews\"},\"image\":{\"@id\":\"https:\\\/\\\/homolog.saintandrews.com.br\\\/#\\\/schema\\\/logo\\\/image\\\/\"}}]}<\/script>\n<!-- \/ Yoast SEO plugin. -->","yoast_head_json":{"title":"Wine Moment + Jantar - Castelo Saint Andrews","description":"Compartilhe um bom vinho com quem voc\u00ea ama no encantador Castelo Saint Andrews no lindo gazebo de nosso jardim ou Vale do Quilombo.","robots":{"index":"noindex","follow":"follow","max-snippet":"max-snippet:-1","max-image-preview":"max-image-preview:large","max-video-preview":"max-video-preview:-1"},"og_locale":"es_ES","og_type":"article","og_title":"Wine Experience Saint Andrews com Jantar","og_description":"Compartilhe um bom vinho com quem voc\u00ea ama no encantador Castelo Saint Andrews no lindo gazebo de nosso jardim ou Vale do Quilombo.","og_url":"https:\/\/homolog.saintandrews.com.br\/es\/producto\/wine-moment-jantar\/","og_site_name":"Castelo Saint Andrews","article_modified_time":"2025-04-28T17:19:50+00:00","og_image":[{"width":768,"height":768,"url":"https:\/\/homolog.saintandrews.com.br\/wp-content\/uploads\/2024\/03\/wine-experience-jantar-1-768x768-1.webp","type":"image\/webp"}],"twitter_card":"summary_large_image","twitter_misc":{"Tiempo de lectura":"3 minutos"},"schema":{"@context":"https:\/\/schema.org","@graph":[{"@type":"WebPage","@id":"https:\/\/homolog.saintandrews.com.br\/produto\/wine-moment-jantar\/","url":"https:\/\/homolog.saintandrews.com.br\/produto\/wine-moment-jantar\/","name":"Wine Moment + Jantar - Castelo Saint Andrews","isPartOf":{"@id":"https:\/\/homolog.saintandrews.com.br\/#website"},"primaryImageOfPage":{"@id":"https:\/\/homolog.saintandrews.com.br\/produto\/wine-moment-jantar\/#primaryimage"},"image":{"@id":"https:\/\/homolog.saintandrews.com.br\/produto\/wine-moment-jantar\/#primaryimage"},"thumbnailUrl":"https:\/\/homolog.saintandrews.com.br\/wp-content\/uploads\/2024\/03\/wine-experience-jantar-1-768x768-1.webp","datePublished":"2024-01-08T19:53:40+00:00","dateModified":"2025-04-28T17:19:50+00:00","description":"Compartilhe um bom vinho com quem voc\u00ea ama no encantador Castelo Saint Andrews no lindo gazebo de nosso jardim ou Vale do Quilombo.","breadcrumb":{"@id":"https:\/\/homolog.saintandrews.com.br\/produto\/wine-moment-jantar\/#breadcrumb"},"inLanguage":"es","potentialAction":[{"@type":"ReadAction","target":["https:\/\/homolog.saintandrews.com.br\/produto\/wine-moment-jantar\/"]}]},{"@type":"ImageObject","inLanguage":"es","@id":"https:\/\/homolog.saintandrews.com.br\/produto\/wine-moment-jantar\/#primaryimage","url":"https:\/\/homolog.saintandrews.com.br\/wp-content\/uploads\/2024\/03\/wine-experience-jantar-1-768x768-1.webp","contentUrl":"https:\/\/homolog.saintandrews.com.br\/wp-content\/uploads\/2024\/03\/wine-experience-jantar-1-768x768-1.webp","width":768,"height":768},{"@type":"BreadcrumbList","@id":"https:\/\/homolog.saintandrews.com.br\/produto\/wine-moment-jantar\/#breadcrumb","itemListElement":[{"@type":"ListItem","position":1,"name":"In\u00edcio","item":"https:\/\/homolog.saintandrews.com.br\/"},{"@type":"ListItem","position":2,"name":"Produtos","item":"https:\/\/homolog.saintandrews.com.br\/shop\/"},{"@type":"ListItem","position":3,"name":"Wine Moment + Jantar"}]},{"@type":"WebSite","@id":"https:\/\/homolog.saintandrews.com.br\/#website","url":"https:\/\/homolog.saintandrews.com.br\/","name":"El Castillo De Saint Andrews.","description":"Su hotel en Gramado","publisher":{"@id":"https:\/\/homolog.saintandrews.com.br\/#organization"},"potentialAction":[{"@type":"SearchAction","target":{"@type":"EntryPoint","urlTemplate":"https:\/\/homolog.saintandrews.com.br\/?s={search_term_string}"},"query-input":{"@type":"PropertyValueSpecification","valueRequired":true,"valueName":"search_term_string"}}],"inLanguage":"es"},{"@type":"Organization","@id":"https:\/\/homolog.saintandrews.com.br\/#organization","name":"El Castillo De Saint Andrews.","url":"https:\/\/homolog.saintandrews.com.br\/","logo":{"@type":"ImageObject","inLanguage":"es","@id":"https:\/\/homolog.saintandrews.com.br\/#\/schema\/logo\/image\/","url":"https:\/\/homolog.saintandrews.com.br\/wp-content\/uploads\/2024\/04\/Logo-SaintAndrews-01-01.svg","contentUrl":"https:\/\/homolog.saintandrews.com.br\/wp-content\/uploads\/2024\/04\/Logo-SaintAndrews-01-01.svg","width":612.9299999999999499777914024889469146728515625,"height":167.5,"caption":"Castelo Saint Andrews"},"image":{"@id":"https:\/\/homolog.saintandrews.com.br\/#\/schema\/logo\/image\/"}}]}},"publishpress_future_action":{"enabled":false,"date":"2026-04-26 14:57:56","action":"change-status","newStatus":"draft","terms":[],"taxonomy":"product_type","extraData":[]},"publishpress_future_workflow_manual_trigger":{"enabledWorkflows":[]},"_links":{"self":[{"href":"https:\/\/homolog.saintandrews.com.br\/es\/wp-json\/wp\/v2\/product\/9718","targetHints":{"allow":["GET"]}}],"collection":[{"href":"https:\/\/homolog.saintandrews.com.br\/es\/wp-json\/wp\/v2\/product"}],"about":[{"href":"https:\/\/homolog.saintandrews.com.br\/es\/wp-json\/wp\/v2\/types\/product"}],"wp:featuredmedia":[{"embeddable":true,"href":"https:\/\/homolog.saintandrews.com.br\/es\/wp-json\/wp\/v2\/media\/10072"}],"wp:attachment":[{"href":"https:\/\/homolog.saintandrews.com.br\/es\/wp-json\/wp\/v2\/media?parent=9718"}],"wp:term":[{"taxonomy":"product_brand","embeddable":true,"href":"https:\/\/homolog.saintandrews.com.br\/es\/wp-json\/wp\/v2\/product_brand?post=9718"},{"taxonomy":"product_cat","embeddable":true,"href":"https:\/\/homolog.saintandrews.com.br\/es\/wp-json\/wp\/v2\/product_cat?post=9718"},{"taxonomy":"product_tag","embeddable":true,"href":"https:\/\/homolog.saintandrews.com.br\/es\/wp-json\/wp\/v2\/product_tag?post=9718"}],"curies":[{"name":"wp","href":"https:\/\/api.w.org\/{rel}","templated":true}]}}