{"id":10229,"date":"2024-05-20T23:44:27","date_gmt":"2024-05-21T02:44:27","guid":{"rendered":"https:\/\/saintandrews.com.br\/?page_id=10229"},"modified":"2024-05-20T23:44:56","modified_gmt":"2024-05-21T02:44:56","slug":"termos-de-uso","status":"publish","type":"page","link":"https:\/\/homolog.saintandrews.com.br\/fr\/termos-de-uso\/","title":{"rendered":"Conditions d&#039;utilisation"},"content":{"rendered":"<div data-elementor-type=\"wp-page\" data-elementor-id=\"10229\" class=\"elementor elementor-10229\" data-elementor-post-type=\"page\">\n\t\t\t\t\t\t<section class=\"elementor-section elementor-top-section elementor-element elementor-element-b13019f elementor-section-boxed elementor-section-height-default elementor-section-height-default\" data-id=\"b13019f\" data-element_type=\"section\" data-e-type=\"section\">\n\t\t\t\t\t\t<div class=\"elementor-container elementor-column-gap-default\">\n\t\t\t\t\t<div class=\"elementor-column elementor-col-100 elementor-top-column elementor-element elementor-element-d9c795c\" data-id=\"d9c795c\" data-element_type=\"column\" data-e-type=\"column\">\n\t\t\t<div class=\"elementor-widget-wrap elementor-element-populated\">\n\t\t\t\t\t\t<div class=\"elementor-element elementor-element-fb14049 elementor-widget elementor-widget-text-editor\" data-id=\"fb14049\" data-element_type=\"widget\" data-e-type=\"widget\" data-widget_type=\"text-editor.default\">\n\t\t\t\t\t\t\t\t\t<p><\/p>\n<h1 class=\"wp-block-heading\"><strong>CONDITIONS D&#039;UTILISATION<\/strong><\/h1>\n<p><\/p>\n<p>\u00a0<\/p>\n<h4><span style=\"color: #444444;\">1. Conditions<\/span><\/h4>\n<p><span style=\"color: #444444;\">Lors de l&#039;acc\u00e8s au site Web <a href=\"https:\/\/www.saintandrews.com.br\">Ch\u00e2teau de Saint Andrews<\/a>, vous acceptez de respecter ces conditions d&#039;utilisation, toutes les lois et r\u00e9glementations applicables, et acceptez que vous \u00eates responsable du respect de toutes les lois locales applicables. Si vous n&#039;\u00eates pas d&#039;accord avec l&#039;une de ces conditions, il vous est interdit d&#039;utiliser ou d&#039;acc\u00e9der \u00e0 ce site. Le mat\u00e9riel contenu dans ce site est prot\u00e9g\u00e9 par les lois applicables sur les droits d&#039;auteur et les marques.<\/span><\/p>\n<h4><span style=\"color: #444444;\">2. Utilisation de la licence<\/span><\/h4>\n<p><span style=\"color: #444444;\">L&#039;autorisation est accord\u00e9e de t\u00e9l\u00e9charger temporairement une copie du mat\u00e9riel (informations ou logiciels) sur le site Web du ch\u00e2teau de Saint Andrews \u00e0 des fins de visualisation transitoire personnelle et non commerciale uniquement. Il s&#039;agit de l&#039;octroi d&#039;une licence, et non d&#039;un transfert de titre, et en vertu de cette licence, vous ne pouvez pas\u00a0:\u00a0<\/span><\/p>\n<ol>\n<li><span style=\"color: #444444;\">modifier ou copier les documents\u00a0;\u00a0<\/span><\/li>\n<li><span style=\"color: #444444;\">utiliser le mat\u00e9riel \u00e0 des fins commerciales ou pour une exposition publique (commerciale ou non commerciale)\u00a0;\u00a0<\/span><\/li>\n<li><span style=\"color: #444444;\">tenter de d\u00e9compiler ou d&#039;effectuer une ing\u00e9nierie inverse sur tout logiciel contenu sur le site Web de Castle Saint Andrews\u00a0;\u00a0<\/span><\/li>\n<li><span style=\"color: #444444;\">supprimer tout droit d&#039;auteur ou autre mention de propri\u00e9t\u00e9 des documents\u00a0; ou\u00a0<\/span><\/li>\n<li><span style=\"color: #444444;\">transf\u00e9rer les documents \u00e0 une autre personne ou \u00ab refl\u00e9ter \u00bb les documents sur tout autre serveur.<\/span><\/li>\n<\/ol>\n<p><span style=\"color: #444444;\">Cette licence prendra fin automatiquement si vous violez l&#039;une de ces restrictions et peut \u00eatre r\u00e9sili\u00e9e par Castle Saint Andrews \u00e0 tout moment. \u00c0 la fin de votre consultation de ces documents ou \u00e0 la r\u00e9siliation de cette licence, vous devez supprimer tout mat\u00e9riel t\u00e9l\u00e9charg\u00e9 en votre possession, qu&#039;il soit au format \u00e9lectronique ou imprim\u00e9.<\/span><\/p>\n<h4><span style=\"color: #444444;\">3. Avis de non-responsabilit\u00e9<\/span><\/h4>\n<ol>\n<li><span style=\"color: #444444;\">Les documents pr\u00e9sents sur le site Web du ch\u00e2teau de Saint Andrews sont fournis \u00ab tels quels \u00bb. Le Ch\u00e2teau de Saint Andrews n&#039;offre aucune garantie, expresse ou implicite, et d\u00e9cline et annule par la pr\u00e9sente toute autre garantie, y compris, sans limitation, les garanties ou conditions implicites de qualit\u00e9 marchande, d&#039;ad\u00e9quation \u00e0 un usage particulier ou de non-violation de la propri\u00e9t\u00e9 intellectuelle ou autre. droits.<\/span><\/li>\n<li><span style=\"color: #444444;\">De plus, le Ch\u00e2teau de Saint Andrews ne garantit ni ne fait aucune d\u00e9claration concernant l&#039;exactitude, les r\u00e9sultats probables ou la fiabilit\u00e9 de l&#039;utilisation du mat\u00e9riel sur son site Web ou autrement li\u00e9 \u00e0 ce mat\u00e9riel ou sur tout site li\u00e9 \u00e0 ce site.<\/span><\/li>\n<\/ol>\n<h4><span style=\"color: #444444;\">4. Limites<\/span><\/h4>\n<p><span style=\"color: #444444;\">En aucun cas le Ch\u00e2teau de Saint Andrews ou ses fournisseurs ne pourront \u00eatre tenus responsables de tout dommage (y compris, sans limitation, les dommages dus \u00e0 une perte de donn\u00e9es ou de profit, ou \u00e0 une interruption d&#039;activit\u00e9) d\u00e9coulant de l&#039;utilisation ou de l&#039;impossibilit\u00e9 d&#039;utiliser les mat\u00e9riaux du Ch\u00e2teau de Saint Andrews. , m\u00eame si Castle Saint Andrews ou un repr\u00e9sentant autoris\u00e9 de Castle Saint Andrews a \u00e9t\u00e9 inform\u00e9 oralement ou par \u00e9crit de la possibilit\u00e9 de tels dommages. \u00c9tant donn\u00e9 que certaines juridictions n&#039;autorisent pas les limitations des garanties implicites ou les limitations de responsabilit\u00e9 pour les dommages cons\u00e9cutifs ou accessoires, ces limitations peuvent ne pas s&#039;appliquer \u00e0 vous.<\/span><\/p>\n<h4><span style=\"color: #444444;\">5. Pr\u00e9cision des mat\u00e9riaux<\/span><\/h4>\n<p><span style=\"color: #444444;\">Les \u00e9l\u00e9ments apparaissant sur le site Web de Castle Saint Andrews peuvent contenir des erreurs techniques, typographiques ou photographiques. Castle Saint Andrews ne garantit pas que les \u00e9l\u00e9ments pr\u00e9sents sur son site Web sont exacts, complets ou \u00e0 jour. Castle Saint Andrews peut apporter des modifications aux \u00e9l\u00e9ments contenus sur son site Web \u00e0 tout moment et sans pr\u00e9avis. Cependant Castle Saint Andrews ne s&#039;engage pas \u00e0 mettre \u00e0 jour les mat\u00e9riaux.<\/span><\/p>\n<h4><span style=\"color: #444444;\">6. Liens<\/span><\/h4>\n<p><span style=\"color: #444444;\">Le Ch\u00e2teau de Saint Andrews n&#039;a pas examin\u00e9 tous les sites li\u00e9s \u00e0 son site Web et n&#039;est pas responsable du contenu des sites li\u00e9s. L&#039;inclusion de tout lien n&#039;implique pas l&#039;approbation du site par Castle Saint Andrews. L&#039;utilisation de tout site li\u00e9 est aux propres risques de l&#039;utilisateur.<\/span><\/p>\n<p>\u00a0<\/p>\n<h4><span style=\"color: #444444;\">Modifications<\/span><\/h4>\n<p><span style=\"color: #444444;\">Castle Saint Andrews peut r\u00e9viser les pr\u00e9sentes conditions d&#039;utilisation de son site Web \u00e0 tout moment et sans pr\u00e9avis. En utilisant ce site Web, vous acceptez d&#039;\u00eatre li\u00e9 par la version actuelle de ces conditions d&#039;utilisation.<\/span><\/p>\n<h4><span style=\"color: #444444;\">Loi applicable<\/span><\/h4>\n<p><span style=\"color: #444444;\">Ces termes et conditions sont r\u00e9gis et interpr\u00e9t\u00e9s conform\u00e9ment aux lois de Castle Saint Andrews et vous vous soumettez irr\u00e9vocablement \u00e0 la comp\u00e9tence exclusive des tribunaux de cet \u00c9tat ou de cet endroit.<\/span><\/p>\t\t\t\t\t\t\t\t<\/div>\n\t\t\t\t<div class=\"elementor-element elementor-element-2c7d997 elementor-widget elementor-widget-spacer\" data-id=\"2c7d997\" data-element_type=\"widget\" data-e-type=\"widget\" data-widget_type=\"spacer.default\">\n\t\t\t\t\t\t\t<div class=\"elementor-spacer\">\n\t\t\t<div class=\"elementor-spacer-inner\"><\/div>\n\t\t<\/div>\n\t\t\t\t\t\t<\/div>\n\t\t\t\t\t<\/div>\n\t\t<\/div>\n\t\t\t\t\t<\/div>\n\t\t<\/section>\n\t\t\t\t<\/div>","protected":false},"excerpt":{"rendered":"<p>TERMOS DE USO \u00a0 1. Termos Ao acessar ao site Castelo Saint Andrews, concorda em cumprir estes termos de servi\u00e7o, todas as leis e regulamentos aplic\u00e1veis e concorda que \u00e9 respons\u00e1vel pelo cumprimento de todas as leis locais aplic\u00e1veis. Se voc\u00ea n\u00e3o concordar com algum desses termos, est\u00e1 proibido de usar ou acessar este site. [&hellip;]<\/p>\n","protected":false},"author":2,"featured_media":0,"parent":0,"menu_order":0,"comment_status":"closed","ping_status":"closed","template":"elementor_header_footer","meta":{"_acf_changed":false,"footnotes":""},"class_list":["post-10229","page","type-page","status-publish","hentry"],"acf":[],"yoast_head":"<!-- This site is optimized with the Yoast SEO plugin v27.4 - https:\/\/yoast.com\/product\/yoast-seo-wordpress\/ -->\n<title>Termos de Uso - Castelo Saint Andrews<\/title>\n<meta name=\"robots\" content=\"noindex, follow, max-snippet:-1, max-image-preview:large, max-video-preview:-1\" \/>\n<meta property=\"og:locale\" content=\"fr_FR\" \/>\n<meta property=\"og:type\" content=\"article\" \/>\n<meta property=\"og:title\" content=\"Termos de Uso - Castelo Saint Andrews\" \/>\n<meta property=\"og:description\" content=\"TERMOS DE USO \u00a0 1. Termos Ao acessar ao site Castelo Saint Andrews, concorda em cumprir estes termos de servi\u00e7o, todas as leis e regulamentos aplic\u00e1veis e concorda que \u00e9 respons\u00e1vel pelo cumprimento de todas as leis locais aplic\u00e1veis. Se voc\u00ea n\u00e3o concordar com algum desses termos, est\u00e1 proibido de usar ou acessar este site. [&hellip;]\" \/>\n<meta property=\"og:url\" content=\"https:\/\/homolog.saintandrews.com.br\/fr\/termos-de-uso\/\" \/>\n<meta property=\"og:site_name\" content=\"Castelo Saint Andrews\" \/>\n<meta property=\"article:modified_time\" content=\"2024-05-21T02:44:56+00:00\" \/>\n<meta name=\"twitter:card\" content=\"summary_large_image\" \/>\n<meta name=\"twitter:label1\" content=\"Dur\u00e9e de lecture estim\u00e9e\" \/>\n\t<meta name=\"twitter:data1\" content=\"3 minutes\" \/>\n<script type=\"application\/ld+json\" class=\"yoast-schema-graph\">{\"@context\":\"https:\\\/\\\/schema.org\",\"@graph\":[{\"@type\":\"WebPage\",\"@id\":\"https:\\\/\\\/homolog.saintandrews.com.br\\\/termos-de-uso\\\/\",\"url\":\"https:\\\/\\\/homolog.saintandrews.com.br\\\/termos-de-uso\\\/\",\"name\":\"Termos de Uso - Castelo Saint Andrews\",\"isPartOf\":{\"@id\":\"https:\\\/\\\/homolog.saintandrews.com.br\\\/#website\"},\"datePublished\":\"2024-05-21T02:44:27+00:00\",\"dateModified\":\"2024-05-21T02:44:56+00:00\",\"breadcrumb\":{\"@id\":\"https:\\\/\\\/homolog.saintandrews.com.br\\\/termos-de-uso\\\/#breadcrumb\"},\"inLanguage\":\"fr-FR\",\"potentialAction\":[{\"@type\":\"ReadAction\",\"target\":[\"https:\\\/\\\/homolog.saintandrews.com.br\\\/termos-de-uso\\\/\"]}]},{\"@type\":\"BreadcrumbList\",\"@id\":\"https:\\\/\\\/homolog.saintandrews.com.br\\\/termos-de-uso\\\/#breadcrumb\",\"itemListElement\":[{\"@type\":\"ListItem\",\"position\":1,\"name\":\"In\u00edcio\",\"item\":\"https:\\\/\\\/homolog.saintandrews.com.br\\\/\"},{\"@type\":\"ListItem\",\"position\":2,\"name\":\"Termos de Uso\"}]},{\"@type\":\"WebSite\",\"@id\":\"https:\\\/\\\/homolog.saintandrews.com.br\\\/#website\",\"url\":\"https:\\\/\\\/homolog.saintandrews.com.br\\\/\",\"name\":\"Castelo Saint Andrews\",\"description\":\"Seu hotel\u00a0em\u00a0Gramado\",\"publisher\":{\"@id\":\"https:\\\/\\\/homolog.saintandrews.com.br\\\/#organization\"},\"potentialAction\":[{\"@type\":\"SearchAction\",\"target\":{\"@type\":\"EntryPoint\",\"urlTemplate\":\"https:\\\/\\\/homolog.saintandrews.com.br\\\/?s={search_term_string}\"},\"query-input\":{\"@type\":\"PropertyValueSpecification\",\"valueRequired\":true,\"valueName\":\"search_term_string\"}}],\"inLanguage\":\"fr-FR\"},{\"@type\":\"Organization\",\"@id\":\"https:\\\/\\\/homolog.saintandrews.com.br\\\/#organization\",\"name\":\"Castelo Saint Andrews\",\"url\":\"https:\\\/\\\/homolog.saintandrews.com.br\\\/\",\"logo\":{\"@type\":\"ImageObject\",\"inLanguage\":\"fr-FR\",\"@id\":\"https:\\\/\\\/homolog.saintandrews.com.br\\\/#\\\/schema\\\/logo\\\/image\\\/\",\"url\":\"https:\\\/\\\/homolog.saintandrews.com.br\\\/wp-content\\\/uploads\\\/2024\\\/04\\\/Logo-SaintAndrews-01-01.svg\",\"contentUrl\":\"https:\\\/\\\/homolog.saintandrews.com.br\\\/wp-content\\\/uploads\\\/2024\\\/04\\\/Logo-SaintAndrews-01-01.svg\",\"width\":612.9299999999999499777914024889469146728515625,\"height\":167.5,\"caption\":\"Castelo Saint Andrews\"},\"image\":{\"@id\":\"https:\\\/\\\/homolog.saintandrews.com.br\\\/#\\\/schema\\\/logo\\\/image\\\/\"}}]}<\/script>\n<!-- \/ Yoast SEO plugin. -->","yoast_head_json":{"title":"Termos de Uso - Castelo Saint Andrews","robots":{"index":"noindex","follow":"follow","max-snippet":"max-snippet:-1","max-image-preview":"max-image-preview:large","max-video-preview":"max-video-preview:-1"},"og_locale":"fr_FR","og_type":"article","og_title":"Termos de Uso - Castelo Saint Andrews","og_description":"TERMOS DE USO \u00a0 1. Termos Ao acessar ao site Castelo Saint Andrews, concorda em cumprir estes termos de servi\u00e7o, todas as leis e regulamentos aplic\u00e1veis e concorda que \u00e9 respons\u00e1vel pelo cumprimento de todas as leis locais aplic\u00e1veis. Se voc\u00ea n\u00e3o concordar com algum desses termos, est\u00e1 proibido de usar ou acessar este site. [&hellip;]","og_url":"https:\/\/homolog.saintandrews.com.br\/fr\/termos-de-uso\/","og_site_name":"Castelo Saint Andrews","article_modified_time":"2024-05-21T02:44:56+00:00","twitter_card":"summary_large_image","twitter_misc":{"Dur\u00e9e de lecture estim\u00e9e":"3 minutes"},"schema":{"@context":"https:\/\/schema.org","@graph":[{"@type":"WebPage","@id":"https:\/\/homolog.saintandrews.com.br\/termos-de-uso\/","url":"https:\/\/homolog.saintandrews.com.br\/termos-de-uso\/","name":"Termos de Uso - Castelo Saint Andrews","isPartOf":{"@id":"https:\/\/homolog.saintandrews.com.br\/#website"},"datePublished":"2024-05-21T02:44:27+00:00","dateModified":"2024-05-21T02:44:56+00:00","breadcrumb":{"@id":"https:\/\/homolog.saintandrews.com.br\/termos-de-uso\/#breadcrumb"},"inLanguage":"fr-FR","potentialAction":[{"@type":"ReadAction","target":["https:\/\/homolog.saintandrews.com.br\/termos-de-uso\/"]}]},{"@type":"BreadcrumbList","@id":"https:\/\/homolog.saintandrews.com.br\/termos-de-uso\/#breadcrumb","itemListElement":[{"@type":"ListItem","position":1,"name":"In\u00edcio","item":"https:\/\/homolog.saintandrews.com.br\/"},{"@type":"ListItem","position":2,"name":"Termos de Uso"}]},{"@type":"WebSite","@id":"https:\/\/homolog.saintandrews.com.br\/#website","url":"https:\/\/homolog.saintandrews.com.br\/","name":"Ch\u00e2teau de Saint Andrews","description":"Votre h\u00f4tel \u00e0 Gramado","publisher":{"@id":"https:\/\/homolog.saintandrews.com.br\/#organization"},"potentialAction":[{"@type":"SearchAction","target":{"@type":"EntryPoint","urlTemplate":"https:\/\/homolog.saintandrews.com.br\/?s={search_term_string}"},"query-input":{"@type":"PropertyValueSpecification","valueRequired":true,"valueName":"search_term_string"}}],"inLanguage":"fr-FR"},{"@type":"Organization","@id":"https:\/\/homolog.saintandrews.com.br\/#organization","name":"Ch\u00e2teau de Saint Andrews","url":"https:\/\/homolog.saintandrews.com.br\/","logo":{"@type":"ImageObject","inLanguage":"fr-FR","@id":"https:\/\/homolog.saintandrews.com.br\/#\/schema\/logo\/image\/","url":"https:\/\/homolog.saintandrews.com.br\/wp-content\/uploads\/2024\/04\/Logo-SaintAndrews-01-01.svg","contentUrl":"https:\/\/homolog.saintandrews.com.br\/wp-content\/uploads\/2024\/04\/Logo-SaintAndrews-01-01.svg","width":612.9299999999999499777914024889469146728515625,"height":167.5,"caption":"Castelo Saint Andrews"},"image":{"@id":"https:\/\/homolog.saintandrews.com.br\/#\/schema\/logo\/image\/"}}]}},"publishpress_future_action":{"enabled":false,"date":"2026-04-26 10:33:02","action":"change-status","newStatus":"draft","terms":[],"taxonomy":"","extraData":[]},"publishpress_future_workflow_manual_trigger":{"enabledWorkflows":[]},"_links":{"self":[{"href":"https:\/\/homolog.saintandrews.com.br\/fr\/wp-json\/wp\/v2\/pages\/10229","targetHints":{"allow":["GET"]}}],"collection":[{"href":"https:\/\/homolog.saintandrews.com.br\/fr\/wp-json\/wp\/v2\/pages"}],"about":[{"href":"https:\/\/homolog.saintandrews.com.br\/fr\/wp-json\/wp\/v2\/types\/page"}],"author":[{"embeddable":true,"href":"https:\/\/homolog.saintandrews.com.br\/fr\/wp-json\/wp\/v2\/users\/2"}],"replies":[{"embeddable":true,"href":"https:\/\/homolog.saintandrews.com.br\/fr\/wp-json\/wp\/v2\/comments?post=10229"}],"version-history":[{"count":0,"href":"https:\/\/homolog.saintandrews.com.br\/fr\/wp-json\/wp\/v2\/pages\/10229\/revisions"}],"wp:attachment":[{"href":"https:\/\/homolog.saintandrews.com.br\/fr\/wp-json\/wp\/v2\/media?parent=10229"}],"curies":[{"name":"wp","href":"https:\/\/api.w.org\/{rel}","templated":true}]}}