{"id":9720,"date":"2024-01-10T16:53:39","date_gmt":"2024-01-10T19:53:39","guid":{"rendered":"https:\/\/saintandrews.com.br\/?post_type=product&#038;p=6604"},"modified":"2025-04-28T14:17:22","modified_gmt":"2025-04-28T17:17:22","slug":"wine-experience-jantar","status":"publish","type":"product","link":"https:\/\/homolog.saintandrews.com.br\/fr\/produit\/wine-experience-jantar\/","title":{"rendered":"Wine Experience + Jantar"},"content":{"rendered":"<p>Viva uma noite memor\u00e1vel no Castelo Saint Andrews, unindo vinho e alta gastronomia.<\/p>\n<p>Os amantes de vinhos s\u00e3o convidados a participar do exclusivo Wine Experience, realizado todas as sextas-feiras, \u00e0s 18h. Este evento foi criado para proporcionar momentos de confraterniza\u00e7\u00e3o e descoberta, onde voc\u00ea poder\u00e1 degustar r\u00f3tulos selecionados e explorar novos sabores e aromas.<\/p>\n<p>Reserve seu lugar nesta celebra\u00e7\u00e3o de sabores e momentos \u00fanicos.<\/p>\n<p>A experi\u00eancia inclui:<\/p>\n<p><strong>Wine Experience:<\/strong> Uma degusta\u00e7\u00e3o guiada com vinhos exclusivos, harmonizados com uma t\u00e1bua de frios e queijos cuidadosamente escolhidos para destacar a personalidade de cada r\u00f3tulo. Cada participante receber\u00e1 ta\u00e7as de 125 ml de cada vinho servido. Esse servi\u00e7o tem dura\u00e7\u00e3o de 1h30.<\/p>\n<p><img fetchpriority=\"high\" decoding=\"async\" class=\"alignnone wp-image-14970 size-medium\" src=\"https:\/\/homolog.saintandrews.com.br\/wp-content\/uploads\/2024\/03\/wine-experience-2-300x183.webp\" alt=\"\" width=\"300\" height=\"183\" srcset=\"https:\/\/homolog.saintandrews.com.br\/wp-content\/uploads\/2024\/03\/wine-experience-2-300x183.webp 300w, https:\/\/homolog.saintandrews.com.br\/wp-content\/uploads\/2024\/03\/wine-experience-2-1024x624.webp 1024w, https:\/\/homolog.saintandrews.com.br\/wp-content\/uploads\/2024\/03\/wine-experience-2-768x468.webp 768w, https:\/\/homolog.saintandrews.com.br\/wp-content\/uploads\/2024\/03\/wine-experience-2-18x12.webp 18w, https:\/\/homolog.saintandrews.com.br\/wp-content\/uploads\/2024\/03\/wine-experience-2-600x366.webp 600w, https:\/\/homolog.saintandrews.com.br\/wp-content\/uploads\/2024\/03\/wine-experience-2.webp 1337w\" sizes=\"(max-width: 300px) 100vw, 300px\" \/><br \/>\n<span style=\"font-size: 8pt;\">Foto Ilustrativa<\/span><\/p>\n<p><strong>Dura\u00e7\u00e3o:<\/strong> Esse servi\u00e7o tem dura\u00e7\u00e3o de 1h30 a 2h.<\/p>\n<p>&nbsp;<\/p>\n<p><strong>Jantar no Restaurante Primrose: <\/strong>Deguste os sabores da alta gastronomia do nosso menu especial para o jantar e aproveite as sugest\u00f5es de harmoniza\u00e7\u00e3o de nosso sommelier, com os mais refinados vinhos do Brasil e do mundo. Escolha sua sequ\u00eancia gastron\u00f4mica composta por entrada, prato principal e sobremesa do menu especial do Castelo. <strong>Aten\u00e7\u00e3o:<\/strong> As bebidas do jantar devem ser adquiridas \u00e0 parte. Esse servi\u00e7o tem dura\u00e7\u00e3o de 2h.<\/p>\n<p><img decoding=\"async\" class=\"alignnone wp-image-14968 size-medium\" src=\"https:\/\/homolog.saintandrews.com.br\/wp-content\/uploads\/2024\/03\/jantar2-300x183.webp\" alt=\"\" width=\"300\" height=\"183\" srcset=\"https:\/\/homolog.saintandrews.com.br\/wp-content\/uploads\/2024\/03\/jantar2-300x183.webp 300w, https:\/\/homolog.saintandrews.com.br\/wp-content\/uploads\/2024\/03\/jantar2-1024x624.webp 1024w, https:\/\/homolog.saintandrews.com.br\/wp-content\/uploads\/2024\/03\/jantar2-768x468.webp 768w, https:\/\/homolog.saintandrews.com.br\/wp-content\/uploads\/2024\/03\/jantar2-18x12.webp 18w, https:\/\/homolog.saintandrews.com.br\/wp-content\/uploads\/2024\/03\/jantar2-600x366.webp 600w, https:\/\/homolog.saintandrews.com.br\/wp-content\/uploads\/2024\/03\/jantar2.webp 1337w\" sizes=\"(max-width: 300px) 100vw, 300px\" \/><br \/>\n<span style=\"font-size: 8pt;\">Foto Ilustrativa<\/span><\/p>\n<p><strong>Dura\u00e7\u00e3o:<\/strong> Esse servi\u00e7o tem dura\u00e7\u00e3o de 2h.<\/p>\n<p><strong>Quando:<\/strong> Todas as sextas-feiras, a partir das 18h.<\/p>\n<p>&nbsp;<\/p>\n<p>&nbsp;<\/p>\n<p>***<\/p>\n<p><span style=\"font-size: 10pt;\"><em><span style=\"color: #993300;\">\u2022 Ap\u00f3s a aquisi\u00e7\u00e3o de qualquer servi\u00e7o do Saint Andrews e a confirma\u00e7\u00e3o do pagamento, um de nossos dedicados concierges entrar\u00e1 em contato por telefone para informar os hor\u00e1rios dispon\u00edveis na data selecionada, garantindo que seu agendamento seja realizado com a m\u00e1xima conveni\u00eancia e exclusividade.<br \/>\n\u2022 Ao final do atendimento, ficaremos agradecidos se considerar nossa taxa de servi\u00e7o.<\/span><\/em><\/span><\/p>","protected":false},"excerpt":{"rendered":"<p>Participe do exclusivo Wine Experience na Adega, realizado \u00e0s sextas-feiras, \u00e0s 18h, com degusta\u00e7\u00e3o de vinhos selecionados harmonizados com frios e queijos especiais. Nesta experi\u00eancia est\u00e1 incluso tamb\u00e9m um jantar completo em nosso premiado Restaurante Primrose, com entrada, prato principal e sobremesa. Reserve j\u00e1 e viva momentos \u00fanicos!<\/p>","protected":false},"featured_media":11324,"template":"","meta":{"_acf_changed":false},"product_brand":[],"product_cat":[229],"product_tag":[],"class_list":{"0":"post-9720","1":"product","2":"type-product","3":"status-publish","4":"has-post-thumbnail","6":"product_cat-gastronomia","8":"first","9":"instock","10":"virtual","11":"taxable","12":"purchasable","13":"product-type-simple"},"acf":[],"yoast_head":"<!-- This site is optimized with the Yoast SEO plugin v27.4 - https:\/\/yoast.com\/product\/yoast-seo-wordpress\/ -->\n<title>Wine Experience + Jantar - Castelo Saint Andrews<\/title>\n<meta name=\"description\" content=\"Os amantes de vinhos podem desfrutar do exclusivo Wine O\u2019Clock no Castelo Saint Andrews, todas as sextas-feiras \u00e0s 18h. Saiba Mais.\" \/>\n<meta name=\"robots\" content=\"noindex, follow, max-snippet:-1, max-image-preview:large, max-video-preview:-1\" \/>\n<meta property=\"og:locale\" content=\"fr_FR\" \/>\n<meta property=\"og:type\" content=\"article\" \/>\n<meta property=\"og:title\" content=\"Wine Experience + Jantar - Castelo Saint Andrews\" \/>\n<meta property=\"og:description\" content=\"Os amantes de vinhos podem desfrutar do exclusivo Wine O\u2019Clock no Castelo Saint Andrews, todas as sextas-feiras \u00e0s 18h. Saiba Mais.\" \/>\n<meta property=\"og:url\" content=\"https:\/\/homolog.saintandrews.com.br\/fr\/produit\/wine-experience-jantar\/\" \/>\n<meta property=\"og:site_name\" content=\"Castelo Saint Andrews\" \/>\n<meta property=\"article:modified_time\" content=\"2025-04-28T17:17:22+00:00\" \/>\n<meta property=\"og:image\" content=\"https:\/\/homolog.saintandrews.com.br\/wp-content\/uploads\/2024\/03\/wine-adega-jantar3.webp\" \/>\n\t<meta property=\"og:image:width\" content=\"1000\" \/>\n\t<meta property=\"og:image:height\" content=\"1000\" \/>\n\t<meta property=\"og:image:type\" content=\"image\/webp\" \/>\n<meta name=\"twitter:card\" content=\"summary_large_image\" \/>\n<meta name=\"twitter:label1\" content=\"Dur\u00e9e de lecture estim\u00e9e\" \/>\n\t<meta name=\"twitter:data1\" content=\"3 minutes\" \/>\n<script type=\"application\/ld+json\" class=\"yoast-schema-graph\">{\"@context\":\"https:\\\/\\\/schema.org\",\"@graph\":[{\"@type\":\"WebPage\",\"@id\":\"https:\\\/\\\/homolog.saintandrews.com.br\\\/produto\\\/wine-experience-jantar\\\/\",\"url\":\"https:\\\/\\\/homolog.saintandrews.com.br\\\/produto\\\/wine-experience-jantar\\\/\",\"name\":\"Wine Experience + Jantar - Castelo Saint Andrews\",\"isPartOf\":{\"@id\":\"https:\\\/\\\/homolog.saintandrews.com.br\\\/#website\"},\"primaryImageOfPage\":{\"@id\":\"https:\\\/\\\/homolog.saintandrews.com.br\\\/produto\\\/wine-experience-jantar\\\/#primaryimage\"},\"image\":{\"@id\":\"https:\\\/\\\/homolog.saintandrews.com.br\\\/produto\\\/wine-experience-jantar\\\/#primaryimage\"},\"thumbnailUrl\":\"https:\\\/\\\/homolog.saintandrews.com.br\\\/wp-content\\\/uploads\\\/2024\\\/03\\\/wine-adega-jantar3.webp\",\"datePublished\":\"2024-01-10T19:53:39+00:00\",\"dateModified\":\"2025-04-28T17:17:22+00:00\",\"description\":\"Os amantes de vinhos podem desfrutar do exclusivo Wine O\u2019Clock no Castelo Saint Andrews, todas as sextas-feiras \u00e0s 18h. Saiba Mais.\",\"breadcrumb\":{\"@id\":\"https:\\\/\\\/homolog.saintandrews.com.br\\\/produto\\\/wine-experience-jantar\\\/#breadcrumb\"},\"inLanguage\":\"fr-FR\",\"potentialAction\":[{\"@type\":\"ReadAction\",\"target\":[\"https:\\\/\\\/homolog.saintandrews.com.br\\\/produto\\\/wine-experience-jantar\\\/\"]}]},{\"@type\":\"ImageObject\",\"inLanguage\":\"fr-FR\",\"@id\":\"https:\\\/\\\/homolog.saintandrews.com.br\\\/produto\\\/wine-experience-jantar\\\/#primaryimage\",\"url\":\"https:\\\/\\\/homolog.saintandrews.com.br\\\/wp-content\\\/uploads\\\/2024\\\/03\\\/wine-adega-jantar3.webp\",\"contentUrl\":\"https:\\\/\\\/homolog.saintandrews.com.br\\\/wp-content\\\/uploads\\\/2024\\\/03\\\/wine-adega-jantar3.webp\",\"width\":1000,\"height\":1000},{\"@type\":\"BreadcrumbList\",\"@id\":\"https:\\\/\\\/homolog.saintandrews.com.br\\\/produto\\\/wine-experience-jantar\\\/#breadcrumb\",\"itemListElement\":[{\"@type\":\"ListItem\",\"position\":1,\"name\":\"In\u00edcio\",\"item\":\"https:\\\/\\\/homolog.saintandrews.com.br\\\/\"},{\"@type\":\"ListItem\",\"position\":2,\"name\":\"Produtos\",\"item\":\"https:\\\/\\\/homolog.saintandrews.com.br\\\/shop\\\/\"},{\"@type\":\"ListItem\",\"position\":3,\"name\":\"Wine Experience + Jantar\"}]},{\"@type\":\"WebSite\",\"@id\":\"https:\\\/\\\/homolog.saintandrews.com.br\\\/#website\",\"url\":\"https:\\\/\\\/homolog.saintandrews.com.br\\\/\",\"name\":\"Castelo Saint Andrews\",\"description\":\"Seu hotel\u00a0em\u00a0Gramado\",\"publisher\":{\"@id\":\"https:\\\/\\\/homolog.saintandrews.com.br\\\/#organization\"},\"potentialAction\":[{\"@type\":\"SearchAction\",\"target\":{\"@type\":\"EntryPoint\",\"urlTemplate\":\"https:\\\/\\\/homolog.saintandrews.com.br\\\/?s={search_term_string}\"},\"query-input\":{\"@type\":\"PropertyValueSpecification\",\"valueRequired\":true,\"valueName\":\"search_term_string\"}}],\"inLanguage\":\"fr-FR\"},{\"@type\":\"Organization\",\"@id\":\"https:\\\/\\\/homolog.saintandrews.com.br\\\/#organization\",\"name\":\"Castelo Saint Andrews\",\"url\":\"https:\\\/\\\/homolog.saintandrews.com.br\\\/\",\"logo\":{\"@type\":\"ImageObject\",\"inLanguage\":\"fr-FR\",\"@id\":\"https:\\\/\\\/homolog.saintandrews.com.br\\\/#\\\/schema\\\/logo\\\/image\\\/\",\"url\":\"https:\\\/\\\/homolog.saintandrews.com.br\\\/wp-content\\\/uploads\\\/2024\\\/04\\\/Logo-SaintAndrews-01-01.svg\",\"contentUrl\":\"https:\\\/\\\/homolog.saintandrews.com.br\\\/wp-content\\\/uploads\\\/2024\\\/04\\\/Logo-SaintAndrews-01-01.svg\",\"width\":612.9299999999999499777914024889469146728515625,\"height\":167.5,\"caption\":\"Castelo Saint Andrews\"},\"image\":{\"@id\":\"https:\\\/\\\/homolog.saintandrews.com.br\\\/#\\\/schema\\\/logo\\\/image\\\/\"}}]}<\/script>\n<!-- \/ Yoast SEO plugin. -->","yoast_head_json":{"title":"Wine Experience + Jantar - Castelo Saint Andrews","description":"Os amantes de vinhos podem desfrutar do exclusivo Wine O\u2019Clock no Castelo Saint Andrews, todas as sextas-feiras \u00e0s 18h. Saiba Mais.","robots":{"index":"noindex","follow":"follow","max-snippet":"max-snippet:-1","max-image-preview":"max-image-preview:large","max-video-preview":"max-video-preview:-1"},"og_locale":"fr_FR","og_type":"article","og_title":"Wine Experience + Jantar - Castelo Saint Andrews","og_description":"Os amantes de vinhos podem desfrutar do exclusivo Wine O\u2019Clock no Castelo Saint Andrews, todas as sextas-feiras \u00e0s 18h. Saiba Mais.","og_url":"https:\/\/homolog.saintandrews.com.br\/fr\/produit\/wine-experience-jantar\/","og_site_name":"Castelo Saint Andrews","article_modified_time":"2025-04-28T17:17:22+00:00","og_image":[{"width":1000,"height":1000,"url":"https:\/\/homolog.saintandrews.com.br\/wp-content\/uploads\/2024\/03\/wine-adega-jantar3.webp","type":"image\/webp"}],"twitter_card":"summary_large_image","twitter_misc":{"Dur\u00e9e de lecture estim\u00e9e":"3 minutes"},"schema":{"@context":"https:\/\/schema.org","@graph":[{"@type":"WebPage","@id":"https:\/\/homolog.saintandrews.com.br\/produto\/wine-experience-jantar\/","url":"https:\/\/homolog.saintandrews.com.br\/produto\/wine-experience-jantar\/","name":"Wine Experience + Jantar - Castelo Saint Andrews","isPartOf":{"@id":"https:\/\/homolog.saintandrews.com.br\/#website"},"primaryImageOfPage":{"@id":"https:\/\/homolog.saintandrews.com.br\/produto\/wine-experience-jantar\/#primaryimage"},"image":{"@id":"https:\/\/homolog.saintandrews.com.br\/produto\/wine-experience-jantar\/#primaryimage"},"thumbnailUrl":"https:\/\/homolog.saintandrews.com.br\/wp-content\/uploads\/2024\/03\/wine-adega-jantar3.webp","datePublished":"2024-01-10T19:53:39+00:00","dateModified":"2025-04-28T17:17:22+00:00","description":"Os amantes de vinhos podem desfrutar do exclusivo Wine O\u2019Clock no Castelo Saint Andrews, todas as sextas-feiras \u00e0s 18h. Saiba Mais.","breadcrumb":{"@id":"https:\/\/homolog.saintandrews.com.br\/produto\/wine-experience-jantar\/#breadcrumb"},"inLanguage":"fr-FR","potentialAction":[{"@type":"ReadAction","target":["https:\/\/homolog.saintandrews.com.br\/produto\/wine-experience-jantar\/"]}]},{"@type":"ImageObject","inLanguage":"fr-FR","@id":"https:\/\/homolog.saintandrews.com.br\/produto\/wine-experience-jantar\/#primaryimage","url":"https:\/\/homolog.saintandrews.com.br\/wp-content\/uploads\/2024\/03\/wine-adega-jantar3.webp","contentUrl":"https:\/\/homolog.saintandrews.com.br\/wp-content\/uploads\/2024\/03\/wine-adega-jantar3.webp","width":1000,"height":1000},{"@type":"BreadcrumbList","@id":"https:\/\/homolog.saintandrews.com.br\/produto\/wine-experience-jantar\/#breadcrumb","itemListElement":[{"@type":"ListItem","position":1,"name":"In\u00edcio","item":"https:\/\/homolog.saintandrews.com.br\/"},{"@type":"ListItem","position":2,"name":"Produtos","item":"https:\/\/homolog.saintandrews.com.br\/shop\/"},{"@type":"ListItem","position":3,"name":"Wine Experience + Jantar"}]},{"@type":"WebSite","@id":"https:\/\/homolog.saintandrews.com.br\/#website","url":"https:\/\/homolog.saintandrews.com.br\/","name":"Ch\u00e2teau de Saint Andrews","description":"Votre h\u00f4tel \u00e0 Gramado","publisher":{"@id":"https:\/\/homolog.saintandrews.com.br\/#organization"},"potentialAction":[{"@type":"SearchAction","target":{"@type":"EntryPoint","urlTemplate":"https:\/\/homolog.saintandrews.com.br\/?s={search_term_string}"},"query-input":{"@type":"PropertyValueSpecification","valueRequired":true,"valueName":"search_term_string"}}],"inLanguage":"fr-FR"},{"@type":"Organization","@id":"https:\/\/homolog.saintandrews.com.br\/#organization","name":"Ch\u00e2teau de Saint Andrews","url":"https:\/\/homolog.saintandrews.com.br\/","logo":{"@type":"ImageObject","inLanguage":"fr-FR","@id":"https:\/\/homolog.saintandrews.com.br\/#\/schema\/logo\/image\/","url":"https:\/\/homolog.saintandrews.com.br\/wp-content\/uploads\/2024\/04\/Logo-SaintAndrews-01-01.svg","contentUrl":"https:\/\/homolog.saintandrews.com.br\/wp-content\/uploads\/2024\/04\/Logo-SaintAndrews-01-01.svg","width":612.9299999999999499777914024889469146728515625,"height":167.5,"caption":"Castelo Saint Andrews"},"image":{"@id":"https:\/\/homolog.saintandrews.com.br\/#\/schema\/logo\/image\/"}}]}},"publishpress_future_action":{"enabled":false,"date":"2026-04-26 16:26:12","action":"change-status","newStatus":"draft","terms":[],"taxonomy":"product_type","extraData":[]},"publishpress_future_workflow_manual_trigger":{"enabledWorkflows":[]},"_links":{"self":[{"href":"https:\/\/homolog.saintandrews.com.br\/fr\/wp-json\/wp\/v2\/product\/9720","targetHints":{"allow":["GET"]}}],"collection":[{"href":"https:\/\/homolog.saintandrews.com.br\/fr\/wp-json\/wp\/v2\/product"}],"about":[{"href":"https:\/\/homolog.saintandrews.com.br\/fr\/wp-json\/wp\/v2\/types\/product"}],"wp:featuredmedia":[{"embeddable":true,"href":"https:\/\/homolog.saintandrews.com.br\/fr\/wp-json\/wp\/v2\/media\/11324"}],"wp:attachment":[{"href":"https:\/\/homolog.saintandrews.com.br\/fr\/wp-json\/wp\/v2\/media?parent=9720"}],"wp:term":[{"taxonomy":"product_brand","embeddable":true,"href":"https:\/\/homolog.saintandrews.com.br\/fr\/wp-json\/wp\/v2\/product_brand?post=9720"},{"taxonomy":"product_cat","embeddable":true,"href":"https:\/\/homolog.saintandrews.com.br\/fr\/wp-json\/wp\/v2\/product_cat?post=9720"},{"taxonomy":"product_tag","embeddable":true,"href":"https:\/\/homolog.saintandrews.com.br\/fr\/wp-json\/wp\/v2\/product_tag?post=9720"}],"curies":[{"name":"wp","href":"https:\/\/api.w.org\/{rel}","templated":true}]}}